{"id":114,"date":"2016-12-28T23:56:09","date_gmt":"2016-12-28T22:56:09","guid":{"rendered":"http:\/\/donaladoll.com\/?page_id=114"},"modified":"2025-11-13T20:58:04","modified_gmt":"2025-11-13T19:58:04","slug":"repertoire","status":"publish","type":"page","link":"https:\/\/donaladoll.com\/index.php\/repertoire\/","title":{"rendered":"R\u00e9pertoire"},"content":{"rendered":"<p style=\"text-align: center;\"><strong>Num\u00e9ros d&#8217;effeuillage burlesque cr\u00e9\u00e9s et interpr\u00e9t\u00e9s par Dona la Doll<\/strong><\/p>\n<p style=\"text-align: center;\"><img loading=\"lazy\" decoding=\"async\" class=\"aligncenter wp-image-1386\" src=\"http:\/\/donaladoll.com\/wp-content\/uploads\/2019\/11\/BalVampiresFili1-42-sur-228-214x300.jpg\" alt=\"\" width=\"357\" height=\"500\" srcset=\"https:\/\/donaladoll.com\/wp-content\/uploads\/2019\/11\/BalVampiresFili1-42-sur-228-214x300.jpg 214w, https:\/\/donaladoll.com\/wp-content\/uploads\/2019\/11\/BalVampiresFili1-42-sur-228-700x982.jpg 700w, https:\/\/donaladoll.com\/wp-content\/uploads\/2019\/11\/BalVampiresFili1-42-sur-228.jpg 713w\" sizes=\"(max-width: 357px) 100vw, 357px\" \/><\/p>\n<p style=\"text-align: center;\">photos Marc Harvey &#8211; <strong>LE BAL DES VAMPIRES <\/strong>au<strong> Pachamama<\/strong>, Halloween 2019<\/p>\n","protected":false},"excerpt":{"rendered":"<p>Num\u00e9ros d&#8217;effeuillage burlesque cr\u00e9\u00e9s et interpr\u00e9t\u00e9s par Dona la Doll photos Marc Harvey &#8211; LE BAL DES VAMPIRES au Pachamama, Halloween 2019<\/p>\n","protected":false},"author":1,"featured_media":0,"parent":0,"menu_order":0,"comment_status":"closed","ping_status":"closed","template":"","meta":{"footnotes":""},"_links":{"self":[{"href":"https:\/\/donaladoll.com\/index.php\/wp-json\/wp\/v2\/pages\/114"}],"collection":[{"href":"https:\/\/donaladoll.com\/index.php\/wp-json\/wp\/v2\/pages"}],"about":[{"href":"https:\/\/donaladoll.com\/index.php\/wp-json\/wp\/v2\/types\/page"}],"author":[{"embeddable":true,"href":"https:\/\/donaladoll.com\/index.php\/wp-json\/wp\/v2\/users\/1"}],"replies":[{"embeddable":true,"href":"https:\/\/donaladoll.com\/index.php\/wp-json\/wp\/v2\/comments?post=114"}],"version-history":[{"count":14,"href":"https:\/\/donaladoll.com\/index.php\/wp-json\/wp\/v2\/pages\/114\/revisions"}],"predecessor-version":[{"id":3203,"href":"https:\/\/donaladoll.com\/index.php\/wp-json\/wp\/v2\/pages\/114\/revisions\/3203"}],"wp:attachment":[{"href":"https:\/\/donaladoll.com\/index.php\/wp-json\/wp\/v2\/media?parent=114"}],"curies":[{"name":"wp","href":"https:\/\/api.w.org\/{rel}","templated":true}]}}