{"id":117,"date":"2016-12-29T00:00:17","date_gmt":"2016-12-28T23:00:17","guid":{"rendered":"http:\/\/donaladoll.com\/?page_id=117"},"modified":"2025-11-10T12:42:16","modified_gmt":"2025-11-10T11:42:16","slug":"summerboyz","status":"publish","type":"page","link":"https:\/\/donaladoll.com\/index.php\/repertoire\/summerboyz\/","title":{"rendered":"SummerLove"},"content":{"rendered":"<p style=\"text-align: center;\"><strong>Num\u00e9ro d&#8217;effeuillage burlesque<\/strong><\/p>\n<p style=\"text-align: center;\">***<\/p>\n<p style=\"text-align: center;\">Une Lolita se rend sur la plage dans le but d&#8217;y\u00a0rencontrer\u00a0un, ou plusieurs, amour(s) d\u2019\u00e9t\u00e9.<\/p>\n<hr \/>\n<p style=\"text-align: center;\">Ce num\u00e9ro existe en 2 versions ; une version courte de 6 minutes et une version longue de 15 minutes.<\/p>\n<p><img loading=\"lazy\" decoding=\"async\" class=\"wp-image-83 aligncenter\" src=\"http:\/\/donaladoll.com\/wp-content\/uploads\/2016\/12\/wunder-kabaret-dona-la-doll2-697x1024.jpg\" width=\"500\" height=\"735\" srcset=\"https:\/\/donaladoll.com\/wp-content\/uploads\/2016\/12\/wunder-kabaret-dona-la-doll2-697x1024.jpg 697w, https:\/\/donaladoll.com\/wp-content\/uploads\/2016\/12\/wunder-kabaret-dona-la-doll2-204x300.jpg 204w, https:\/\/donaladoll.com\/wp-content\/uploads\/2016\/12\/wunder-kabaret-dona-la-doll2-768x1129.jpg 768w\" sizes=\"(max-width: 500px) 100vw, 500px\" \/><\/p>\n<p style=\"text-align: center;\">\u00a9\u00a0Torz Rovers<\/p>\n<p style=\"text-align: center;\"><strong><span style=\"text-decoration: underline;\">Repr\u00e9sentations<\/span><\/strong><\/p>\n<p style=\"text-align: center;\">Wunder Kabarett (Wunder S), juin 2016<\/p>\n<p style=\"text-align: center;\">Cabaret Rocka Burlesque #3, \u00e0 L\u2019Etage, juin 2016<\/p>\n<p style=\"text-align: center;\">Soir\u00e9e Balance Maman Hors Du Train, \u00e0 la Java, juillet 2016<\/p>\n<p style=\"text-align: center;\">Pin Up Night #4, \u00e0 la Cantada, juin 2018<\/p>\n<p><img loading=\"lazy\" decoding=\"async\" class=\"aligncenter wp-image-662\" src=\"http:\/\/donaladoll.com\/wp-content\/uploads\/2017\/01\/Dona-12-6-17-53-200x300.jpg\" alt=\"\" width=\"350\" height=\"524\" srcset=\"https:\/\/donaladoll.com\/wp-content\/uploads\/2017\/01\/Dona-12-6-17-53-200x300.jpg 200w, https:\/\/donaladoll.com\/wp-content\/uploads\/2017\/01\/Dona-12-6-17-53-768x1150.jpg 768w, https:\/\/donaladoll.com\/wp-content\/uploads\/2017\/01\/Dona-12-6-17-53-700x1049.jpg 700w\" sizes=\"(max-width: 350px) 100vw, 350px\" \/><\/p>\n<p style=\"text-align: center;\">\u00a9 Alain Blainville<\/p>\n","protected":false},"excerpt":{"rendered":"<p>Num\u00e9ro d&#8217;effeuillage burlesque *** Une Lolita se rend sur la plage dans le but d&#8217;y\u00a0rencontrer\u00a0un, ou plusieurs, amour(s) d\u2019\u00e9t\u00e9. Ce num\u00e9ro existe en 2 versions ; une version courte de [&hellip;]<\/p>\n","protected":false},"author":1,"featured_media":0,"parent":114,"menu_order":0,"comment_status":"closed","ping_status":"closed","template":"","meta":{"footnotes":""},"_links":{"self":[{"href":"https:\/\/donaladoll.com\/index.php\/wp-json\/wp\/v2\/pages\/117"}],"collection":[{"href":"https:\/\/donaladoll.com\/index.php\/wp-json\/wp\/v2\/pages"}],"about":[{"href":"https:\/\/donaladoll.com\/index.php\/wp-json\/wp\/v2\/types\/page"}],"author":[{"embeddable":true,"href":"https:\/\/donaladoll.com\/index.php\/wp-json\/wp\/v2\/users\/1"}],"replies":[{"embeddable":true,"href":"https:\/\/donaladoll.com\/index.php\/wp-json\/wp\/v2\/comments?post=117"}],"version-history":[{"count":35,"href":"https:\/\/donaladoll.com\/index.php\/wp-json\/wp\/v2\/pages\/117\/revisions"}],"predecessor-version":[{"id":3167,"href":"https:\/\/donaladoll.com\/index.php\/wp-json\/wp\/v2\/pages\/117\/revisions\/3167"}],"up":[{"embeddable":true,"href":"https:\/\/donaladoll.com\/index.php\/wp-json\/wp\/v2\/pages\/114"}],"wp:attachment":[{"href":"https:\/\/donaladoll.com\/index.php\/wp-json\/wp\/v2\/media?parent=117"}],"curies":[{"name":"wp","href":"https:\/\/api.w.org\/{rel}","templated":true}]}}