{"id":1198,"date":"2019-11-14T19:15:18","date_gmt":"2019-11-14T18:15:18","guid":{"rendered":"http:\/\/donaladoll.com\/?page_id=1198"},"modified":"2025-11-13T20:41:55","modified_gmt":"2025-11-13T19:41:55","slug":"maison-close","status":"publish","type":"page","link":"https:\/\/donaladoll.com\/index.php\/maison-close\/","title":{"rendered":"duo Maison Close"},"content":{"rendered":"<p style=\"text-align: center;\"><strong>Duo \/ Num\u00e9ro d&#8217;effeuillage burlesque<\/strong><\/p>\n<p style=\"text-align: center;\">***<\/p>\n<p style=\"text-align: center;\">Duo d&#8217;effeuillage cr\u00e9\u00e9 et\u00a0interpr\u00e9t\u00e9 par\u00a0<strong>Velena Rossa<\/strong> et <strong>Dona la Doll\u00a0<\/strong><\/p>\n<p style=\"text-align: center;\">Deux performeuses comme deux poup\u00e9es d\u00e9fraichies, sorties tout droit d&#8217;un grenier poussi\u00e9reux, viennent aguicher l&#8217;audience, arm\u00e9es de leur immortelle sensualit\u00e9.<\/p>\n<p style=\"text-align: center;\"><strong><span style=\"text-decoration: underline;\">Repr\u00e9sentations<\/span><\/strong><\/p>\n<p style=\"text-align: center;\">Spectacle de Danses Tribales et Fusion, Th\u00e9\u00e2tre Lepic en septembre 2019<\/p>\n<p style=\"text-align: center;\"><img loading=\"lazy\" decoding=\"async\" class=\"aligncenter wp-image-1210\" src=\"http:\/\/donaladoll.com\/wp-content\/uploads\/2019\/11\/Nadir-MERKAL-MAISON-CLOSE-124-300x200.jpg\" alt=\"\" width=\"500\" height=\"333\" srcset=\"https:\/\/donaladoll.com\/wp-content\/uploads\/2019\/11\/Nadir-MERKAL-MAISON-CLOSE-124-300x200.jpg 300w, https:\/\/donaladoll.com\/wp-content\/uploads\/2019\/11\/Nadir-MERKAL-MAISON-CLOSE-124-768x511.jpg 768w, https:\/\/donaladoll.com\/wp-content\/uploads\/2019\/11\/Nadir-MERKAL-MAISON-CLOSE-124-700x466.jpg 700w, https:\/\/donaladoll.com\/wp-content\/uploads\/2019\/11\/Nadir-MERKAL-MAISON-CLOSE-124.jpg 2048w\" sizes=\"(max-width: 500px) 100vw, 500px\" \/><\/p>\n<p style=\"text-align: center;\"><img loading=\"lazy\" decoding=\"async\" class=\"alignnone wp-image-1354\" src=\"http:\/\/donaladoll.com\/wp-content\/uploads\/2019\/11\/Nadir-MERKAL-MAISON-CLOSE-122-1-300x200.jpg\" alt=\"\" width=\"550\" height=\"366\" srcset=\"https:\/\/donaladoll.com\/wp-content\/uploads\/2019\/11\/Nadir-MERKAL-MAISON-CLOSE-122-1-300x200.jpg 300w, https:\/\/donaladoll.com\/wp-content\/uploads\/2019\/11\/Nadir-MERKAL-MAISON-CLOSE-122-1-768x511.jpg 768w, https:\/\/donaladoll.com\/wp-content\/uploads\/2019\/11\/Nadir-MERKAL-MAISON-CLOSE-122-1-700x466.jpg 700w, https:\/\/donaladoll.com\/wp-content\/uploads\/2019\/11\/Nadir-MERKAL-MAISON-CLOSE-122-1.jpg 2048w\" sizes=\"(max-width: 550px) 100vw, 550px\" \/><\/p>\n<p><img loading=\"lazy\" decoding=\"async\" class=\"wp-image-1361 aligncenter\" src=\"http:\/\/donaladoll.com\/wp-content\/uploads\/2019\/11\/Nadir-MERKAL-MAISON-CLOSE-130-300x200.jpg\" alt=\"\" width=\"550\" height=\"366\" srcset=\"https:\/\/donaladoll.com\/wp-content\/uploads\/2019\/11\/Nadir-MERKAL-MAISON-CLOSE-130-300x200.jpg 300w, https:\/\/donaladoll.com\/wp-content\/uploads\/2019\/11\/Nadir-MERKAL-MAISON-CLOSE-130-768x511.jpg 768w, https:\/\/donaladoll.com\/wp-content\/uploads\/2019\/11\/Nadir-MERKAL-MAISON-CLOSE-130-700x466.jpg 700w, https:\/\/donaladoll.com\/wp-content\/uploads\/2019\/11\/Nadir-MERKAL-MAISON-CLOSE-130.jpg 2048w\" sizes=\"(max-width: 550px) 100vw, 550px\" \/><\/p>\n","protected":false},"excerpt":{"rendered":"<p>Duo \/ Num\u00e9ro d&#8217;effeuillage burlesque *** Duo d&#8217;effeuillage cr\u00e9\u00e9 et\u00a0interpr\u00e9t\u00e9 par\u00a0Velena Rossa et Dona la Doll\u00a0 Deux performeuses comme deux poup\u00e9es d\u00e9fraichies, sorties tout droit d&#8217;un grenier poussi\u00e9reux, viennent aguicher [&hellip;]<\/p>\n","protected":false},"author":1,"featured_media":0,"parent":0,"menu_order":0,"comment_status":"closed","ping_status":"closed","template":"","meta":{"footnotes":""},"_links":{"self":[{"href":"https:\/\/donaladoll.com\/index.php\/wp-json\/wp\/v2\/pages\/1198"}],"collection":[{"href":"https:\/\/donaladoll.com\/index.php\/wp-json\/wp\/v2\/pages"}],"about":[{"href":"https:\/\/donaladoll.com\/index.php\/wp-json\/wp\/v2\/types\/page"}],"author":[{"embeddable":true,"href":"https:\/\/donaladoll.com\/index.php\/wp-json\/wp\/v2\/users\/1"}],"replies":[{"embeddable":true,"href":"https:\/\/donaladoll.com\/index.php\/wp-json\/wp\/v2\/comments?post=1198"}],"version-history":[{"count":17,"href":"https:\/\/donaladoll.com\/index.php\/wp-json\/wp\/v2\/pages\/1198\/revisions"}],"predecessor-version":[{"id":3193,"href":"https:\/\/donaladoll.com\/index.php\/wp-json\/wp\/v2\/pages\/1198\/revisions\/3193"}],"wp:attachment":[{"href":"https:\/\/donaladoll.com\/index.php\/wp-json\/wp\/v2\/media?parent=1198"}],"curies":[{"name":"wp","href":"https:\/\/api.w.org\/{rel}","templated":true}]}}