{"id":147,"date":"2016-12-31T12:59:55","date_gmt":"2016-12-31T11:59:55","guid":{"rendered":"http:\/\/donaladoll.com\/?page_id=147"},"modified":"2026-01-17T09:15:13","modified_gmt":"2026-01-17T08:15:13","slug":"betty-boops-burn-out","status":"publish","type":"page","link":"https:\/\/donaladoll.com\/index.php\/betty-boops-burn-out\/","title":{"rendered":"Le Burn Out de Betty Boop"},"content":{"rendered":"<p style=\"text-align: center;\"><strong>Num\u00e9ro d&#8217;effeuillage burlesque<\/strong><\/p>\n<p style=\"text-align: center;\"><strong>***<\/strong><\/p>\n<p style=\"text-align: center;\">Inspir\u00e9 de la sc\u00e8ne du film \u00ab Qui veut la peau de Roger Rabbit ? \u00bb, ce num\u00e9ro met en sc\u00e8ne Betty Boop, serveuse dans un bar, au bord du burn out. Lass\u00e9e de son m\u00e9tier, elle remplit ses t\u00e2ches sans grande conviction, se r\u00eavant star de cabaret, comme la sublime Jessica Rabbit.<\/p>\n<p style=\"text-align: center;\">Une sc\u00e8ne coup\u00e9e du film culte !<\/p>\n<p style=\"text-align: center;\"><img loading=\"lazy\" decoding=\"async\" class=\"aligncenter wp-image-2774\" src=\"http:\/\/donaladoll.com\/wp-content\/uploads\/2024\/08\/WDP06325-257x300.jpg\" alt=\"\" width=\"300\" height=\"350\" srcset=\"https:\/\/donaladoll.com\/wp-content\/uploads\/2024\/08\/WDP06325-257x300.jpg 257w, https:\/\/donaladoll.com\/wp-content\/uploads\/2024\/08\/WDP06325-700x816.jpg 700w, https:\/\/donaladoll.com\/wp-content\/uploads\/2024\/08\/WDP06325-768x896.jpg 768w, https:\/\/donaladoll.com\/wp-content\/uploads\/2024\/08\/WDP06325-1317x1536.jpg 1317w, https:\/\/donaladoll.com\/wp-content\/uploads\/2024\/08\/WDP06325.jpg 1756w\" sizes=\"(max-width: 300px) 100vw, 300px\" \/><\/p>\n<p style=\"text-align: center;\">\u00a9 <a href=\"https:\/\/www.instagram.com\/wilddairyphotography\/\">@wilddairyphotography<\/a> &#8211; <a href=\"https:\/\/www.instagram.com\/therocknsassycab\/\">@The Rock&#8217;n Sassy Cabaret<\/a><\/p>\n<p style=\"text-align: center;\"><strong>***<\/strong><\/p>\n<p style=\"text-align: center;\"><strong><span style=\"text-decoration: underline;\">Repr\u00e9sentations<\/span><\/strong><\/p>\n<p style=\"text-align: center;\">Wunder Hero (Wunder Kabarett) \u2013 la Cantada, Paris, octobre 2016<\/p>\n<p style=\"text-align: center;\">Le Petit Cabaret des Bois de la Vamp : 3 ans \u00e7a se f\u00eate ! \u2013 Les Petites Gouttes, Paris, janvier 2017<\/p>\n<p style=\"text-align: center;\">La V\u00e9nus fait son show \u2013 Paris, janvier 2017<\/p>\n<p style=\"text-align: center;\">La PinUp Night #1 \u2013 la Cantada, Paris, octobre 2017<\/p>\n<p style=\"text-align: center;\">Les Folies Burlesque de l&#8217;Isba \u2013 Montreuil, mars 2018<\/p>\n<p style=\"text-align: center;\">Cat&#8217;s Night\/Burlesque \u2013 bar L&#8217;\u00e9poque, Paris, mai 2018<\/p>\n<p style=\"text-align: center;\">Wunder Awards (Wunder Kabarett) \u2013 la Cantada, Paris,\u00a0juillet 2018<\/p>\n<p style=\"text-align: center;\">Atomic Festival avec la Troupe du Rocka Burlesque \u2013 juin 2019<\/p>\n<p style=\"text-align: center;\">Le Rocka Burlesque encanaille le Caf\u00e9 Oscar \u2013 Paris, novembre 2019<\/p>\n<p style=\"text-align: center;\">La Grande Insolente Chapitre III \u2013 Bateau El Alamein, Paris,\u00a0janvier 2023<\/p>\n<p style=\"text-align: center;\">The Rock&#8217;n Sassy Cabaret \u2013\u00a0Saint Etienne, mai 2024<\/p>\n<p style=\"text-align: center;\">Massilia Burlesque Show #1 \u2013 L&#8217;absolem, Marseille, mai 2025<\/p>\n<p><iframe loading=\"lazy\" title=\"Dona la Doll &quot;Betty Boop&#039;s Burn Out&quot; Teaser 2019\" width=\"640\" height=\"360\" src=\"https:\/\/www.youtube.com\/embed\/JUbeFfpWBB4?feature=oembed\" frameborder=\"0\" allow=\"accelerometer; autoplay; clipboard-write; encrypted-media; gyroscope; picture-in-picture; web-share\" referrerpolicy=\"strict-origin-when-cross-origin\" allowfullscreen><\/iframe><\/p>\n<p style=\"text-align: center;\"><img loading=\"lazy\" decoding=\"async\" class=\"aligncenter wp-image-2417\" src=\"http:\/\/donaladoll.com\/wp-content\/uploads\/2016\/12\/THI06015-300x200.jpg\" alt=\"\" width=\"600\" height=\"400\" srcset=\"https:\/\/donaladoll.com\/wp-content\/uploads\/2016\/12\/THI06015-300x200.jpg 300w, https:\/\/donaladoll.com\/wp-content\/uploads\/2016\/12\/THI06015-768x512.jpg 768w, https:\/\/donaladoll.com\/wp-content\/uploads\/2016\/12\/THI06015-700x467.jpg 700w\" sizes=\"(max-width: 600px) 100vw, 600px\" \/><\/p>\n<p style=\"text-align: center;\">\u00a9 @le_cerf_tout_nu &#8211; <a href=\"https:\/\/www.instagram.com\/la_grande_insolente\/\">@la_grande_insolente<\/a> Chapitre III<\/p>\n","protected":false},"excerpt":{"rendered":"<p>Num\u00e9ro d&#8217;effeuillage burlesque *** Inspir\u00e9 de la sc\u00e8ne du film \u00ab Qui veut la peau de Roger Rabbit ? \u00bb, ce num\u00e9ro met en sc\u00e8ne Betty Boop, serveuse dans un [&hellip;]<\/p>\n","protected":false},"author":1,"featured_media":0,"parent":0,"menu_order":0,"comment_status":"closed","ping_status":"closed","template":"","meta":{"footnotes":""},"_links":{"self":[{"href":"https:\/\/donaladoll.com\/index.php\/wp-json\/wp\/v2\/pages\/147"}],"collection":[{"href":"https:\/\/donaladoll.com\/index.php\/wp-json\/wp\/v2\/pages"}],"about":[{"href":"https:\/\/donaladoll.com\/index.php\/wp-json\/wp\/v2\/types\/page"}],"author":[{"embeddable":true,"href":"https:\/\/donaladoll.com\/index.php\/wp-json\/wp\/v2\/users\/1"}],"replies":[{"embeddable":true,"href":"https:\/\/donaladoll.com\/index.php\/wp-json\/wp\/v2\/comments?post=147"}],"version-history":[{"count":85,"href":"https:\/\/donaladoll.com\/index.php\/wp-json\/wp\/v2\/pages\/147\/revisions"}],"predecessor-version":[{"id":3273,"href":"https:\/\/donaladoll.com\/index.php\/wp-json\/wp\/v2\/pages\/147\/revisions\/3273"}],"wp:attachment":[{"href":"https:\/\/donaladoll.com\/index.php\/wp-json\/wp\/v2\/media?parent=147"}],"curies":[{"name":"wp","href":"https:\/\/api.w.org\/{rel}","templated":true}]}}