{"id":154,"date":"2016-12-31T13:05:27","date_gmt":"2016-12-31T12:05:27","guid":{"rendered":"http:\/\/donaladoll.com\/?page_id=154"},"modified":"2026-03-22T13:14:58","modified_gmt":"2026-03-22T12:14:58","slug":"la-danse-des-grappes","status":"publish","type":"page","link":"https:\/\/donaladoll.com\/index.php\/la-danse-des-grappes\/","title":{"rendered":"La Danse des Grappes"},"content":{"rendered":"\n<p class=\"has-text-align-left\"><strong>Num\u00e9ro d&#8217;effeuillage burlesque &amp; Danse&nbsp;<\/strong><\/p>\n\n\n\n<p class=\"has-text-align-left\"><strong>***<\/strong><\/p>\n\n\n\n<p class=\"has-text-align-left\">Num\u00e9ro viticole, cr\u00e9\u00e9 en 2016 \u00e0 l\u2019occasion de la release party de l\u2019album \u00ab Le Prince de la Vigne \u00bb du rappeur G\u00e9rard Baste, grand amateur de bons vins.<span class=\"Apple-converted-space\">&nbsp;<\/span><\/p>\n\n\n\n<p class=\"has-text-align-left\">Hommage \u00e0 la danse des bananes de Jos\u00e9phine Baker.<\/p>\n\n\n\n<p class=\"has-text-align-left\">LE Num\u00e9ro Signature !<\/p>\n\n\n\n<hr class=\"wp-block-separator has-alpha-channel-opacity\"\/>\n\n\n\n<p class=\"has-text-align-left\">Ce num\u00e9ro existe en plusieurs versions ; une version qui \u00e9tait pr\u00e9sent\u00e9e lors de la tourn\u00e9e\u00ab Le Prince de la Vigne \u00bb du rappeur G\u00e9rard Baste et une version pour les cabarets burlesques.<\/p>\n\n\n\n<figure class=\"wp-block-embed aligncenter is-type-video is-provider-youtube wp-block-embed-youtube wp-embed-aspect-9-16 wp-has-aspect-ratio\"><div class=\"wp-block-embed__wrapper\">\n<iframe loading=\"lazy\" title=\"Dona la Doll &quot;La Danse des Grappes&quot; - Edinburgh Festival Fringe 2024 live report\" width=\"540\" height=\"960\" src=\"https:\/\/www.youtube.com\/embed\/wbFa4-w3dp0?feature=oembed\" frameborder=\"0\" allow=\"accelerometer; autoplay; clipboard-write; encrypted-media; gyroscope; picture-in-picture; web-share\" referrerpolicy=\"strict-origin-when-cross-origin\" allowfullscreen><\/iframe>\n<\/div><\/figure>\n\n\n\n<p class=\"has-text-align-left\"><span style=\"text-decoration: underline;\"><strong>Num\u00e9ro jou\u00e9 lors de la tourn\u00e9e de G\u00e9rard Baste en 2016-2017.<\/strong><\/span><\/p>\n\n\n\n<p class=\"has-text-align-left\"><span style=\"text-decoration: underline;\"><strong>Autres repr\u00e9sentations<\/strong><\/span><\/p>\n\n\n\n<p class=\"has-text-align-left\">Wunder Awards 2017 \/ Wunder Kabarett \u2013 la Cantada, Paris, juillet 2017<\/p>\n\n\n\n<p class=\"has-text-align-left\">Les Malfaiteuses se mettent \u00e0 table \u2013 la Cantada, Paris, janvier 2018<\/p>\n\n\n\n<p class=\"has-text-align-left\">&#8220;Les Ann\u00e9es Vintage&#8221; \u00e0 Nevers avec la troupe du Rocka Burlesque \u2013&nbsp;mai 2018<\/p>\n\n\n\n<p class=\"has-text-align-left\">Cat&#8217;s Night\/Burlesque \u2013 bar L&#8217;\u00e9poque, Paris, mai 2018<\/p>\n\n\n\n<p class=\"has-text-align-left\">La Maison Burla allume sa lanterne \u2013 la Cantada, Paris, f\u00e9vrier 2019<\/p>\n\n\n\n<p class=\"has-text-align-left\">Le Rocka Burlesque f\u00eate ses 3 ans \u2013&nbsp;Caf\u00e9 de Paris, mars 2019<\/p>\n\n\n\n<p class=\"has-text-align-left\">La Maison Burla accroche ses boules \u2013 Paris, d\u00e9cembre 2019<\/p>\n\n\n\n<p class=\"has-text-align-left\">Froufrous et Cotillons, Rocka Burlesque \u2013 Caf\u00e9 Oscar, Paris, d\u00e9cembre 2019<\/p>\n\n\n\n<p class=\"has-text-align-left\">La Nouvelle Ann\u00e9e Folle \u2013 Point Eph\u00e9m\u00e8re, Paris, d\u00e9cembre 2019<\/p>\n\n\n\n<p class=\"has-text-align-left\">La Grande Insolente #1 \u2013 Bateau El Alamein, Paris, octobre 2022<\/p>\n\n\n\n<p class=\"has-text-align-left\">World Burlesque Games \u2013&nbsp;Londres, avril 2024<\/p>\n\n\n\n<p class=\"has-text-align-left\">Edinburgh Festival Fringe (Burlesque Gin &amp; Jazz, All-Stars Burlesque, Best of Burlesque) \u2013&nbsp;ao\u00fbt 2024<\/p>\n\n\n\n<p class=\"has-text-align-left\">Massilia Burlesque Show #1 \u2013 L&#8217;absolem, Marseille, mai 2025<\/p>\n\n\n\n<p class=\"has-text-align-left\">Massilia Burlesque Show #2 \u2013 L&#8217;absolem,\u00a0Marseille, juin 2025<\/p>\n\n\n\n<p>Salon du Tatouage &#8211; Marseille, mars 2026<\/p>\n\n\n<div class=\"wp-block-image\">\n<figure class=\"alignleft is-resized\"><img loading=\"lazy\" decoding=\"async\" width=\"700\" height=\"1049\" src=\"http:\/\/donaladoll.com\/wp-content\/uploads\/2016\/12\/donaLaDoll_20170314_04-e1497969648395-700x1049.jpg\" alt=\"\" class=\"wp-image-651\" style=\"width:350px\" srcset=\"https:\/\/donaladoll.com\/wp-content\/uploads\/2016\/12\/donaLaDoll_20170314_04-e1497969648395-700x1049.jpg 700w, https:\/\/donaladoll.com\/wp-content\/uploads\/2016\/12\/donaLaDoll_20170314_04-e1497969648395-200x300.jpg 200w, https:\/\/donaladoll.com\/wp-content\/uploads\/2016\/12\/donaLaDoll_20170314_04-e1497969648395-768x1150.jpg 768w\" sizes=\"(max-width: 700px) 100vw, 700px\" \/><\/figure><\/div>\n\n<div class=\"wp-block-image\">\n<figure class=\"alignleft is-resized\"><img loading=\"lazy\" decoding=\"async\" width=\"221\" height=\"300\" src=\"http:\/\/donaladoll.com\/wp-content\/uploads\/2016\/12\/81856290_10218735091422955_2414092578963062784_n-221x300.jpg\" alt=\"\" class=\"wp-image-1477\" style=\"width:350px\" srcset=\"https:\/\/donaladoll.com\/wp-content\/uploads\/2016\/12\/81856290_10218735091422955_2414092578963062784_n-221x300.jpg 221w, https:\/\/donaladoll.com\/wp-content\/uploads\/2016\/12\/81856290_10218735091422955_2414092578963062784_n.jpg 666w\" sizes=\"(max-width: 221px) 100vw, 221px\" \/><\/figure><\/div>\n\n\n<p class=\"has-text-align-center\"><\/p>\n\n\n<div class=\"wp-block-image\">\n<figure class=\"alignleft is-resized\"><img loading=\"lazy\" decoding=\"async\" width=\"200\" height=\"300\" src=\"http:\/\/donaladoll.com\/wp-content\/uploads\/2016\/12\/MG_3960-Modifier-200x300.jpg\" alt=\"\" class=\"wp-image-938\" style=\"width:350px\" srcset=\"https:\/\/donaladoll.com\/wp-content\/uploads\/2016\/12\/MG_3960-Modifier-200x300.jpg 200w, https:\/\/donaladoll.com\/wp-content\/uploads\/2016\/12\/MG_3960-Modifier-768x1152.jpg 768w, https:\/\/donaladoll.com\/wp-content\/uploads\/2016\/12\/MG_3960-Modifier-700x1050.jpg 700w, https:\/\/donaladoll.com\/wp-content\/uploads\/2016\/12\/MG_3960-Modifier.jpg 1333w\" sizes=\"(max-width: 200px) 100vw, 200px\" \/><\/figure><\/div>","protected":false},"excerpt":{"rendered":"<p>Num\u00e9ro d&#8217;effeuillage burlesque &amp; Danse&nbsp; *** Num\u00e9ro viticole, cr\u00e9\u00e9 en 2016 \u00e0 l\u2019occasion de la release party de l\u2019album \u00ab Le Prince de la Vigne \u00bb du rappeur G\u00e9rard Baste, [&hellip;]<\/p>\n","protected":false},"author":1,"featured_media":0,"parent":0,"menu_order":0,"comment_status":"closed","ping_status":"closed","template":"","meta":{"footnotes":""},"_links":{"self":[{"href":"https:\/\/donaladoll.com\/index.php\/wp-json\/wp\/v2\/pages\/154"}],"collection":[{"href":"https:\/\/donaladoll.com\/index.php\/wp-json\/wp\/v2\/pages"}],"about":[{"href":"https:\/\/donaladoll.com\/index.php\/wp-json\/wp\/v2\/types\/page"}],"author":[{"embeddable":true,"href":"https:\/\/donaladoll.com\/index.php\/wp-json\/wp\/v2\/users\/1"}],"replies":[{"embeddable":true,"href":"https:\/\/donaladoll.com\/index.php\/wp-json\/wp\/v2\/comments?post=154"}],"version-history":[{"count":86,"href":"https:\/\/donaladoll.com\/index.php\/wp-json\/wp\/v2\/pages\/154\/revisions"}],"predecessor-version":[{"id":3326,"href":"https:\/\/donaladoll.com\/index.php\/wp-json\/wp\/v2\/pages\/154\/revisions\/3326"}],"wp:attachment":[{"href":"https:\/\/donaladoll.com\/index.php\/wp-json\/wp\/v2\/media?parent=154"}],"curies":[{"name":"wp","href":"https:\/\/api.w.org\/{rel}","templated":true}]}}