{"id":1775,"date":"2020-10-18T09:40:46","date_gmt":"2020-10-18T07:40:46","guid":{"rendered":"http:\/\/donaladoll.com\/?page_id=1775"},"modified":"2025-07-03T10:07:18","modified_gmt":"2025-07-03T08:07:18","slug":"black-mamba","status":"publish","type":"page","link":"https:\/\/donaladoll.com\/index.php\/black-mamba\/","title":{"rendered":"Black Mamba"},"content":{"rendered":"<p style=\"text-align: center;\"><strong>Num\u00e9ro d&#8217;effeuillage burlesque &amp; Danse<\/strong><\/p>\n<p style=\"text-align: center;\"><strong>***<\/strong><\/p>\n<p style=\"text-align: center;\">THE REVERSE DEATH<\/p>\n<p style=\"text-align: center;\">L&#8217;incarnation d&#8217;un petit fant\u00f4me entre en sc\u00e8ne, et danse jusqu&#8217;\u00e0 sa r\u00e9surrection totale, pour finir plus vivant que jamais.<\/p>\n<p style=\"text-align: center;\">Espi\u00e8gle, Dona la Doll vous offre un effeuillage p\u00e9tillant et coquin. Un clin d&#8217;oeil \u00e0 l&#8217;\u00e9ternelle et\u00a0l\u00e9gendaire source d&#8217;inspiration : Jos\u00e9phine Baker.<\/p>\n<hr \/>\n<p style=\"text-align: center;\">Ce num\u00e9ro existe en 3 versions ; deux versions courtes de 6 minutes environ, et une version longue de 14 minutes 30.<\/p>\n<p><img loading=\"lazy\" decoding=\"async\" class=\"aligncenter wp-image-3006\" src=\"http:\/\/donaladoll.com\/wp-content\/uploads\/2025\/01\/DSC_4986-200x300.jpg\" alt=\"\" width=\"300\" height=\"450\" srcset=\"https:\/\/donaladoll.com\/wp-content\/uploads\/2025\/01\/DSC_4986-200x300.jpg 200w, https:\/\/donaladoll.com\/wp-content\/uploads\/2025\/01\/DSC_4986-700x1050.jpg 700w, https:\/\/donaladoll.com\/wp-content\/uploads\/2025\/01\/DSC_4986-768x1152.jpg 768w, https:\/\/donaladoll.com\/wp-content\/uploads\/2025\/01\/DSC_4986-1024x1536.jpg 1024w, https:\/\/donaladoll.com\/wp-content\/uploads\/2025\/01\/DSC_4986.jpg 1365w\" sizes=\"(max-width: 300px) 100vw, 300px\" \/><\/p>\n<p><img loading=\"lazy\" decoding=\"async\" class=\"aligncenter wp-image-3005\" src=\"http:\/\/donaladoll.com\/wp-content\/uploads\/2025\/01\/DSC_5128-200x300.jpg\" alt=\"\" width=\"300\" height=\"450\" srcset=\"https:\/\/donaladoll.com\/wp-content\/uploads\/2025\/01\/DSC_5128-200x300.jpg 200w, https:\/\/donaladoll.com\/wp-content\/uploads\/2025\/01\/DSC_5128-700x1050.jpg 700w, https:\/\/donaladoll.com\/wp-content\/uploads\/2025\/01\/DSC_5128-768x1152.jpg 768w, https:\/\/donaladoll.com\/wp-content\/uploads\/2025\/01\/DSC_5128-1024x1536.jpg 1024w, https:\/\/donaladoll.com\/wp-content\/uploads\/2025\/01\/DSC_5128.jpg 1365w\" sizes=\"(max-width: 300px) 100vw, 300px\" \/><\/p>\n<p style=\"text-align: center;\">\u00a9 <a href=\"https:\/\/www.instagram.com\/saro_b_photos\/\">@saro_b_photos<\/a> &#8211; <a href=\"https:\/\/www.instagram.com\/cabaretchimerique\/\">Cabaret Chim\u00e9rique<\/a><\/p>\n<p style=\"text-align: center;\"><strong><span style=\"text-decoration: underline;\">Repr\u00e9sentations<\/span><\/strong><\/p>\n<p style=\"text-align: center;\">Cabaret FreakShow &#8211; Le Rocka Burlesque encanaille le Caf\u00e9 Oscar, octobre 2020<\/p>\n<p style=\"text-align: center;\">La Maison Burla revient strasser ta vie, juillet 2021<\/p>\n<p style=\"text-align: center;\">Ap\u00e9ro Burlesque #18, Boardwalk Factory, Montpellier, mai 2024<\/p>\n<p style=\"text-align: center;\">The Rock&#8217;n Sassy Cabaret, Saint Etienne, mai 2024<\/p>\n<p style=\"text-align: center;\">Le Cercle des Ombres &#8211; Cabaret Chim\u00e9rique, \u00e0 l&#8217;Atomic Cat, novembre 2024<\/p>\n<p style=\"text-align: center;\">Cabaret Cornu &#8211; Montpellier, mai 2025<\/p>\n<p><img loading=\"lazy\" decoding=\"async\" class=\"aligncenter wp-image-2794\" src=\"http:\/\/donaladoll.com\/wp-content\/uploads\/2024\/08\/5D_2642_GF-213x300.jpg\" alt=\"\" width=\"319\" height=\"450\" srcset=\"https:\/\/donaladoll.com\/wp-content\/uploads\/2024\/08\/5D_2642_GF-213x300.jpg 213w, https:\/\/donaladoll.com\/wp-content\/uploads\/2024\/08\/5D_2642_GF-700x987.jpg 700w, https:\/\/donaladoll.com\/wp-content\/uploads\/2024\/08\/5D_2642_GF-768x1083.jpg 768w, https:\/\/donaladoll.com\/wp-content\/uploads\/2024\/08\/5D_2642_GF-1089x1536.jpg 1089w, https:\/\/donaladoll.com\/wp-content\/uploads\/2024\/08\/5D_2642_GF-1452x2048.jpg 1452w, https:\/\/donaladoll.com\/wp-content\/uploads\/2024\/08\/5D_2642_GF-scaled.jpg 1815w\" sizes=\"(max-width: 319px) 100vw, 319px\" \/><\/p>\n<p style=\"text-align: center;\">\u00a9 <a href=\"https:\/\/www.instagram.com\/jonathan.exbrayat.photographie\/\">@jonathan.exbrayat.photographie<\/a> &#8211; <a href=\"https:\/\/www.instagram.com\/therocknsassycab\/\">@The Rock&#8217;n Sassy Cabaret<\/a><\/p>\n","protected":false},"excerpt":{"rendered":"<p>Num\u00e9ro d&#8217;effeuillage burlesque &amp; Danse *** THE REVERSE DEATH L&#8217;incarnation d&#8217;un petit fant\u00f4me entre en sc\u00e8ne, et danse jusqu&#8217;\u00e0 sa r\u00e9surrection totale, pour finir plus vivant que jamais. Espi\u00e8gle, Dona [&hellip;]<\/p>\n","protected":false},"author":1,"featured_media":0,"parent":0,"menu_order":0,"comment_status":"closed","ping_status":"closed","template":"","meta":{"footnotes":""},"_links":{"self":[{"href":"https:\/\/donaladoll.com\/index.php\/wp-json\/wp\/v2\/pages\/1775"}],"collection":[{"href":"https:\/\/donaladoll.com\/index.php\/wp-json\/wp\/v2\/pages"}],"about":[{"href":"https:\/\/donaladoll.com\/index.php\/wp-json\/wp\/v2\/types\/page"}],"author":[{"embeddable":true,"href":"https:\/\/donaladoll.com\/index.php\/wp-json\/wp\/v2\/users\/1"}],"replies":[{"embeddable":true,"href":"https:\/\/donaladoll.com\/index.php\/wp-json\/wp\/v2\/comments?post=1775"}],"version-history":[{"count":34,"href":"https:\/\/donaladoll.com\/index.php\/wp-json\/wp\/v2\/pages\/1775\/revisions"}],"predecessor-version":[{"id":3258,"href":"https:\/\/donaladoll.com\/index.php\/wp-json\/wp\/v2\/pages\/1775\/revisions\/3258"}],"wp:attachment":[{"href":"https:\/\/donaladoll.com\/index.php\/wp-json\/wp\/v2\/media?parent=1775"}],"curies":[{"name":"wp","href":"https:\/\/api.w.org\/{rel}","templated":true}]}}