{"id":1989,"date":"2021-07-01T19:58:13","date_gmt":"2021-07-01T17:58:13","guid":{"rendered":"http:\/\/donaladoll.com\/?page_id=1989"},"modified":"2026-01-17T09:18:52","modified_gmt":"2026-01-17T08:18:52","slug":"jaime-pas-les-drogues","status":"publish","type":"page","link":"https:\/\/donaladoll.com\/index.php\/jaime-pas-les-drogues\/","title":{"rendered":"J&#8217;aime pas les drogues"},"content":{"rendered":"<p style=\"text-align: center;\"><strong>Num\u00e9ro d&#8217;effeuillage burlesque\u00a0<\/strong><\/p>\n<p style=\"text-align: center;\"><strong>***<\/strong><\/p>\n<p style=\"text-align: center;\">\u00a0En fin de soir\u00e9e, une polici\u00e8re multi-addicte se l\u00e2che et raconte, en images, les liens d\u2019amour qui la lient aux drogues et aux exc\u00e8s.<\/p>\n<p style=\"text-align: center;\">Ou les m\u00e9canismes de l\u2019auto-destruction. Sujet tragique trait\u00e9 avec humour noir.<\/p>\n<p style=\"text-align: center;\">&#8220;There&#8217;s a hole in our soul that we fill with dope<br \/>\nAnd we&#8217;re feeling fine&#8221; MM<\/p>\n<hr \/>\n<p style=\"text-align: center;\">Ce num\u00e9ro existe en plusieurs\u00a0versions : une version sp\u00e9cifique aux concert de Monsieur YG et une version pour les cabarets burlesques.<\/p>\n<p><iframe loading=\"lazy\" title=\"Dona la Doll &quot;J&#039;aime pas les drogues&quot; Teaser  2021\" width=\"640\" height=\"360\" src=\"https:\/\/www.youtube.com\/embed\/TpReR_zp2bk?feature=oembed\" frameborder=\"0\" allow=\"accelerometer; autoplay; clipboard-write; encrypted-media; gyroscope; picture-in-picture; web-share\" referrerpolicy=\"strict-origin-when-cross-origin\" allowfullscreen><\/iframe><\/p>\n<p style=\"text-align: center;\"><span style=\"text-decoration: underline;\"><strong>Repr\u00e9sentations<\/strong><\/span><\/p>\n<p style=\"text-align: center;\">Concerts de Monsieur YG\u00a0(2018-2019-2020-2021)<\/p>\n<p style=\"text-align: center;\">La Maison Burla revient strasser ta vie \u2013 Caf\u00e9 de Paris, juillet 2021<\/p>\n<p style=\"text-align: center;\">&#8220;Wunder Pleasure&#8221; Wunder Kabarett \u2013 la Cantada, Paris, d\u00e9cembre 2021<\/p>\n<p style=\"text-align: center;\">La Grande Insolente #1 \u2013 Bateau El Alamein, Paris, octobre 2022<\/p>\n<p style=\"text-align: center;\">Massilia Burlesque Show #3 \u2013 L\u2019absolem, Marseille, septembre 2025<\/p>\n<p style=\"text-align: center;\"><img loading=\"lazy\" decoding=\"async\" class=\"aligncenter wp-image-2335\" src=\"http:\/\/donaladoll.com\/wp-content\/uploads\/2021\/07\/DSC6005-200x300.jpg\" alt=\"\" width=\"300\" height=\"450\" srcset=\"https:\/\/donaladoll.com\/wp-content\/uploads\/2021\/07\/DSC6005-200x300.jpg 200w, https:\/\/donaladoll.com\/wp-content\/uploads\/2021\/07\/DSC6005-768x1152.jpg 768w, https:\/\/donaladoll.com\/wp-content\/uploads\/2021\/07\/DSC6005-700x1050.jpg 700w, https:\/\/donaladoll.com\/wp-content\/uploads\/2021\/07\/DSC6005.jpg 1000w\" sizes=\"(max-width: 300px) 100vw, 300px\" \/><\/p>\n<p style=\"text-align: center;\">\u00a9 <a href=\"https:\/\/www.instagram.com\/elisediederich\/\">@elisediederich<\/a> &#8211; <a href=\"https:\/\/www.instagram.com\/wunderkabarett\/\">@wunderkabarett<\/a><\/p>\n<p style=\"text-align: center;\">\n","protected":false},"excerpt":{"rendered":"<p>Num\u00e9ro d&#8217;effeuillage burlesque\u00a0 *** \u00a0En fin de soir\u00e9e, une polici\u00e8re multi-addicte se l\u00e2che et raconte, en images, les liens d\u2019amour qui la lient aux drogues et aux exc\u00e8s. Ou les [&hellip;]<\/p>\n","protected":false},"author":1,"featured_media":0,"parent":0,"menu_order":0,"comment_status":"closed","ping_status":"closed","template":"","meta":{"footnotes":""},"_links":{"self":[{"href":"https:\/\/donaladoll.com\/index.php\/wp-json\/wp\/v2\/pages\/1989"}],"collection":[{"href":"https:\/\/donaladoll.com\/index.php\/wp-json\/wp\/v2\/pages"}],"about":[{"href":"https:\/\/donaladoll.com\/index.php\/wp-json\/wp\/v2\/types\/page"}],"author":[{"embeddable":true,"href":"https:\/\/donaladoll.com\/index.php\/wp-json\/wp\/v2\/users\/1"}],"replies":[{"embeddable":true,"href":"https:\/\/donaladoll.com\/index.php\/wp-json\/wp\/v2\/comments?post=1989"}],"version-history":[{"count":23,"href":"https:\/\/donaladoll.com\/index.php\/wp-json\/wp\/v2\/pages\/1989\/revisions"}],"predecessor-version":[{"id":3275,"href":"https:\/\/donaladoll.com\/index.php\/wp-json\/wp\/v2\/pages\/1989\/revisions\/3275"}],"wp:attachment":[{"href":"https:\/\/donaladoll.com\/index.php\/wp-json\/wp\/v2\/media?parent=1989"}],"curies":[{"name":"wp","href":"https:\/\/api.w.org\/{rel}","templated":true}]}}