{"id":2188,"date":"2022-04-15T08:44:28","date_gmt":"2022-04-15T06:44:28","guid":{"rendered":"http:\/\/donaladoll.com\/?page_id=2188"},"modified":"2025-11-13T20:56:51","modified_gmt":"2025-11-13T19:56:51","slug":"temple-33","status":"publish","type":"page","link":"https:\/\/donaladoll.com\/index.php\/temple-33\/","title":{"rendered":"Temple 33"},"content":{"rendered":"<p style=\"text-align: center;\"><strong>Num\u00e9ro d&#8217;effeuillage burlesque &amp; Danse<\/strong><\/p>\n<p style=\"text-align: center;\">***<\/p>\n<p style=\"text-align: center;\">Une femme se d\u00e9fend, lutte malgr\u00e9 la douleur inflig\u00e9e par les coups de son adversaires. Apr\u00e8s le combat, elle se pare d&#8217;une tenue royale ; symbole de r\u00e9sistance et de r\u00e9volte, ce num\u00e9ro aborde subtilement le th\u00e8me des violences sexuelles.<\/p>\n<p style=\"text-align: center;\">Hommage \u00e0 Dihya Tadmut (apr\u00e8s le num\u00e9ro &#8220;La Kahina&#8221;), Reine berb\u00e8re ayant men\u00e9 une guerre de r\u00e9sistance contre les invasions, consid\u00e9r\u00e9e par certains penseurs comme une des premi\u00e8res f\u00e9ministes bien avant le Moyen \u00c2ge, et l&#8217;une des premi\u00e8res reines guerri\u00e8res de l\u2019Histoire.<\/p>\n<p style=\"text-align: center;\">Hommage aux Guerri\u00e8res.<\/p>\n<figure id=\"attachment_3013\" aria-describedby=\"caption-attachment-3013\" style=\"width: 450px\" class=\"wp-caption aligncenter\"><img loading=\"lazy\" decoding=\"async\" class=\"wp-image-3013\" src=\"http:\/\/donaladoll.com\/wp-content\/uploads\/2025\/02\/2024-11-06_1_A1_Foma100push1600_Caf_Cabaret-des-Chimeres_Atomic-Cat-Bar_Dona-la-Doll_030-300x214.jpg\" alt=\"\" width=\"450\" height=\"321\" srcset=\"https:\/\/donaladoll.com\/wp-content\/uploads\/2025\/02\/2024-11-06_1_A1_Foma100push1600_Caf_Cabaret-des-Chimeres_Atomic-Cat-Bar_Dona-la-Doll_030-300x214.jpg 300w, https:\/\/donaladoll.com\/wp-content\/uploads\/2025\/02\/2024-11-06_1_A1_Foma100push1600_Caf_Cabaret-des-Chimeres_Atomic-Cat-Bar_Dona-la-Doll_030-700x500.jpg 700w, https:\/\/donaladoll.com\/wp-content\/uploads\/2025\/02\/2024-11-06_1_A1_Foma100push1600_Caf_Cabaret-des-Chimeres_Atomic-Cat-Bar_Dona-la-Doll_030-768x548.jpg 768w, https:\/\/donaladoll.com\/wp-content\/uploads\/2025\/02\/2024-11-06_1_A1_Foma100push1600_Caf_Cabaret-des-Chimeres_Atomic-Cat-Bar_Dona-la-Doll_030.jpg 1200w\" sizes=\"(max-width: 450px) 100vw, 450px\" \/><figcaption id=\"caption-attachment-3013\" class=\"wp-caption-text\">photo <a href=\"https:\/\/www.instagram.com\/clothilde_bl\/\">@clothilde_bl<\/a><\/figcaption><\/figure>\n<p style=\"text-align: center;\">\n<p style=\"text-align: center;\"><span style=\"text-decoration: underline;\"><strong>Repr\u00e9sentation<\/strong><\/span><\/p>\n<p style=\"text-align: center;\">Shelter Cabaret &#8211; Le Cabaret de l&#8217;Apocalypse,\u00a0avril 2022<\/p>\n<p style=\"text-align: center;\">Wunder Kabarett (Wunder Taboo), octobre 2024<\/p>\n<p style=\"text-align: center;\">Le Cercle des Ombres &#8211; Cabaret Chim\u00e9rique, \u00e0 l&#8217;Atomic Cat, novembre 2024<\/p>\n<p><img loading=\"lazy\" decoding=\"async\" class=\"aligncenter wp-image-3003\" src=\"http:\/\/donaladoll.com\/wp-content\/uploads\/2025\/01\/DSC_4457-Edit-300x200.jpg\" alt=\"\" width=\"450\" height=\"300\" srcset=\"https:\/\/donaladoll.com\/wp-content\/uploads\/2025\/01\/DSC_4457-Edit-300x200.jpg 300w, https:\/\/donaladoll.com\/wp-content\/uploads\/2025\/01\/DSC_4457-Edit-700x467.jpg 700w, https:\/\/donaladoll.com\/wp-content\/uploads\/2025\/01\/DSC_4457-Edit-768x512.jpg 768w, https:\/\/donaladoll.com\/wp-content\/uploads\/2025\/01\/DSC_4457-Edit-1536x1024.jpg 1536w, https:\/\/donaladoll.com\/wp-content\/uploads\/2025\/01\/DSC_4457-Edit-2048x1365.jpg 2048w\" sizes=\"(max-width: 450px) 100vw, 450px\" \/><\/p>\n<p style=\"text-align: center;\">\u00a9 <a href=\"https:\/\/www.instagram.com\/saro_b_photos\/\">@saro_b_photos<\/a> &#8211; <a href=\"https:\/\/www.instagram.com\/cabaretchimerique\/\">Cabaret Chim\u00e9rique<\/a><\/p>\n","protected":false},"excerpt":{"rendered":"<p>Num\u00e9ro d&#8217;effeuillage burlesque &amp; Danse *** Une femme se d\u00e9fend, lutte malgr\u00e9 la douleur inflig\u00e9e par les coups de son adversaires. Apr\u00e8s le combat, elle se pare d&#8217;une tenue royale [&hellip;]<\/p>\n","protected":false},"author":1,"featured_media":0,"parent":0,"menu_order":0,"comment_status":"closed","ping_status":"closed","template":"","meta":{"footnotes":""},"_links":{"self":[{"href":"https:\/\/donaladoll.com\/index.php\/wp-json\/wp\/v2\/pages\/2188"}],"collection":[{"href":"https:\/\/donaladoll.com\/index.php\/wp-json\/wp\/v2\/pages"}],"about":[{"href":"https:\/\/donaladoll.com\/index.php\/wp-json\/wp\/v2\/types\/page"}],"author":[{"embeddable":true,"href":"https:\/\/donaladoll.com\/index.php\/wp-json\/wp\/v2\/users\/1"}],"replies":[{"embeddable":true,"href":"https:\/\/donaladoll.com\/index.php\/wp-json\/wp\/v2\/comments?post=2188"}],"version-history":[{"count":19,"href":"https:\/\/donaladoll.com\/index.php\/wp-json\/wp\/v2\/pages\/2188\/revisions"}],"predecessor-version":[{"id":3201,"href":"https:\/\/donaladoll.com\/index.php\/wp-json\/wp\/v2\/pages\/2188\/revisions\/3201"}],"wp:attachment":[{"href":"https:\/\/donaladoll.com\/index.php\/wp-json\/wp\/v2\/media?parent=2188"}],"curies":[{"name":"wp","href":"https:\/\/api.w.org\/{rel}","templated":true}]}}