{"id":2216,"date":"2022-05-17T11:32:12","date_gmt":"2022-05-17T09:32:12","guid":{"rendered":"http:\/\/donaladoll.com\/?page_id=2216"},"modified":"2026-01-17T09:20:12","modified_gmt":"2026-01-17T08:20:12","slug":"piquant","status":"publish","type":"page","link":"https:\/\/donaladoll.com\/index.php\/piquant\/","title":{"rendered":"Piquant"},"content":{"rendered":"<p style=\"text-align: center;\"><strong>Num\u00e9ro d\u2019effeuillage burlesque<\/strong><\/p>\n<p style=\"text-align: center;\"><strong>***<\/strong><\/p>\n<p style=\"text-align: center;\">Un esprit, bloqu\u00e9 dans un cercle de l\u2019Enfer, a pour ch\u00e2timent \u00e9ternel de tenter de se lib\u00e9rer d\u2019une cagoule qui enferme son visage, afin de pouvoir d\u00e9vorer un piment \u2013 symbole de fertilit\u00e9 et de bonheur. N\u2019y parvenant pas, il se tranche la t\u00eate. Le supplice se r\u00e9p\u00e8te en boucle.<\/p>\n<p style=\"text-align: center;\">M\u00ealant po\u00e9sie et fantasmagorie, ce\u00a0personnage sorti d&#8217;un r\u00eave nous entra\u00eene dans une danse macabre.<\/p>\n<p style=\"text-align: center;\"><a href=\"https:\/\/youtube.com\/shorts\/vPhNaWgdjVs\">Dona la Doll &#8220;Piquant&#8221; Teaser 2023<\/a><\/p>\n<hr \/>\n<p style=\"text-align: center;\">Ce num\u00e9ro existe en plusieurs versions : une version sp\u00e9cifique aux concert de Monsieur YG, une version clubbing, une version courte de 5 minutes et une version longue de 15 minutes.<\/p>\n<p style=\"text-align: center;\">***<\/p>\n<p><img loading=\"lazy\" decoding=\"async\" class=\"aligncenter wp-image-2768\" src=\"http:\/\/donaladoll.com\/wp-content\/uploads\/2024\/08\/VUE-250-300x200.jpg\" alt=\"\" width=\"400\" height=\"267\" srcset=\"https:\/\/donaladoll.com\/wp-content\/uploads\/2024\/08\/VUE-250-300x200.jpg 300w, https:\/\/donaladoll.com\/wp-content\/uploads\/2024\/08\/VUE-250-700x467.jpg 700w, https:\/\/donaladoll.com\/wp-content\/uploads\/2024\/08\/VUE-250-768x512.jpg 768w, https:\/\/donaladoll.com\/wp-content\/uploads\/2024\/08\/VUE-250-1536x1024.jpg 1536w, https:\/\/donaladoll.com\/wp-content\/uploads\/2024\/08\/VUE-250.jpg 1840w\" sizes=\"(max-width: 400px) 100vw, 400px\" \/><\/p>\n<p style=\"text-align: center;\">\u00a9 <a href=\"https:\/\/www.instagram.com\/brunoaussillou\/\">@brunoaussillou<\/a><\/p>\n<p style=\"text-align: center;\"><span style=\"text-decoration: underline;\"><strong>Repr\u00e9sentations<\/strong><\/span><\/p>\n<p style=\"text-align: center;\">Concerts de Monsieur YG\u00a0(2022-2023)<\/p>\n<p style=\"text-align: center;\">Wunder Kabarett (Wunder Voodoo) \u2013 la Cantada, Paris, juin 2023<\/p>\n<p style=\"text-align: center;\">Halloween, L&#8217;Abattoir #2 \u2013 Les Loges, Metz, octobre 2023<\/p>\n<p style=\"text-align: center;\">Halloween, Le Sanctuaire \u2013 Les Loges, Metz, octobre 2025<\/p>\n<p style=\"text-align: center;\"><img loading=\"lazy\" decoding=\"async\" class=\"aligncenter wp-image-2468\" src=\"http:\/\/donaladoll.com\/wp-content\/uploads\/2022\/05\/Screenshot-2023-08-04-at-08.28.58-226x300.png\" alt=\"\" width=\"264\" height=\"350\" srcset=\"https:\/\/donaladoll.com\/wp-content\/uploads\/2022\/05\/Screenshot-2023-08-04-at-08.28.58-226x300.png 226w, https:\/\/donaladoll.com\/wp-content\/uploads\/2022\/05\/Screenshot-2023-08-04-at-08.28.58-768x1019.png 768w, https:\/\/donaladoll.com\/wp-content\/uploads\/2022\/05\/Screenshot-2023-08-04-at-08.28.58-700x928.png 700w, https:\/\/donaladoll.com\/wp-content\/uploads\/2022\/05\/Screenshot-2023-08-04-at-08.28.58.png 1232w\" sizes=\"(max-width: 264px) 100vw, 264px\" \/><\/p>\n<p style=\"text-align: center;\">\u00a9 <a href=\"https:\/\/www.instagram.com\/hervephotograff\/\">@hervephotograff<\/a> &#8211; <a href=\"https:\/\/www.instagram.com\/wunderkabarett\/\">@wunderkabarett<\/a><\/p>\n\n","protected":false},"excerpt":{"rendered":"<p>Num\u00e9ro d\u2019effeuillage burlesque *** Un esprit, bloqu\u00e9 dans un cercle de l\u2019Enfer, a pour ch\u00e2timent \u00e9ternel de tenter de se lib\u00e9rer d\u2019une cagoule qui enferme son visage, afin de pouvoir [&hellip;]<\/p>\n","protected":false},"author":1,"featured_media":0,"parent":0,"menu_order":0,"comment_status":"closed","ping_status":"closed","template":"","meta":{"footnotes":""},"_links":{"self":[{"href":"https:\/\/donaladoll.com\/index.php\/wp-json\/wp\/v2\/pages\/2216"}],"collection":[{"href":"https:\/\/donaladoll.com\/index.php\/wp-json\/wp\/v2\/pages"}],"about":[{"href":"https:\/\/donaladoll.com\/index.php\/wp-json\/wp\/v2\/types\/page"}],"author":[{"embeddable":true,"href":"https:\/\/donaladoll.com\/index.php\/wp-json\/wp\/v2\/users\/1"}],"replies":[{"embeddable":true,"href":"https:\/\/donaladoll.com\/index.php\/wp-json\/wp\/v2\/comments?post=2216"}],"version-history":[{"count":32,"href":"https:\/\/donaladoll.com\/index.php\/wp-json\/wp\/v2\/pages\/2216\/revisions"}],"predecessor-version":[{"id":3276,"href":"https:\/\/donaladoll.com\/index.php\/wp-json\/wp\/v2\/pages\/2216\/revisions\/3276"}],"wp:attachment":[{"href":"https:\/\/donaladoll.com\/index.php\/wp-json\/wp\/v2\/media?parent=2216"}],"curies":[{"name":"wp","href":"https:\/\/api.w.org\/{rel}","templated":true}]}}