{"id":2246,"date":"2022-05-28T10:20:45","date_gmt":"2022-05-28T08:20:45","guid":{"rendered":"http:\/\/donaladoll.com\/?page_id=2246"},"modified":"2024-08-16T10:59:16","modified_gmt":"2024-08-16T08:59:16","slug":"rechute","status":"publish","type":"page","link":"https:\/\/donaladoll.com\/index.php\/rechute\/","title":{"rendered":"Trop pris"},"content":{"rendered":"<p style=\"text-align: center;\"><strong>Num\u00e9ro d&#8217;effeuillage burlesque\u00a0<\/strong><\/p>\n<p style=\"text-align: center;\">***<\/p>\n<p class=\"Standard\" style=\"text-align: center;\"><span class=\"Policepardfaut\"><span lang=\"FR\">A la fin de son service, une infirmi\u00e8re boit une bi\u00e8re pour se d\u00e9tendre. Incapable d\u2019\u00eatre raisonnable, elle tombe tr\u00e8s vite dans l&#8217;exc\u00e8s.\u00a0<\/span><\/span><\/p>\n<p class=\"Standard\" style=\"text-align: center;\">Num\u00e9ro cr\u00e9\u00e9 sur le morceau &#8220;CPCQJVL&#8221; (C&#8217;est pas c&#8217;que j&#8217;voulais) du groupe de rap Svinkels, clin d&#8217;oeil \u00e0 la collaboration sur la tourn\u00e9e de leur dernier album, &#8220;Rechute&#8221; &#8211; dont le graphisme fait r\u00e9f\u00e9rence au milieu pharmaceutique.<\/p>\n<p class=\"Standard\" style=\"text-align: center;\">Un sujet s\u00e9rieux est abord\u00e9 ici : l&#8217;alcoolisme&#8230; tout en finesse burlesque et auto-d\u00e9rision.<\/p>\n<p class=\"Standard\" style=\"text-align: center;\"><img loading=\"lazy\" decoding=\"async\" class=\"aligncenter wp-image-2263\" src=\"http:\/\/donaladoll.com\/wp-content\/uploads\/2022\/05\/289148648_6288760767819600_254023924802886579_n-200x300.jpg\" alt=\"\" width=\"300\" height=\"450\" srcset=\"https:\/\/donaladoll.com\/wp-content\/uploads\/2022\/05\/289148648_6288760767819600_254023924802886579_n-200x300.jpg 200w, https:\/\/donaladoll.com\/wp-content\/uploads\/2022\/05\/289148648_6288760767819600_254023924802886579_n-768x1152.jpg 768w, https:\/\/donaladoll.com\/wp-content\/uploads\/2022\/05\/289148648_6288760767819600_254023924802886579_n-700x1050.jpg 700w, https:\/\/donaladoll.com\/wp-content\/uploads\/2022\/05\/289148648_6288760767819600_254023924802886579_n.jpg 1365w\" sizes=\"(max-width: 300px) 100vw, 300px\" \/><\/p>\n<p class=\"Standard\" style=\"text-align: center;\"><span style=\"text-decoration: underline;\"><strong>Repr\u00e9sentation<\/strong><\/span><\/p>\n<p class=\"Standard\" style=\"text-align: center;\">Wunder Delight\u00a0\u2013 Wunder Kabarett, juin\u00a02022<\/p>\n<p class=\"Standard\"><img loading=\"lazy\" decoding=\"async\" class=\"aligncenter wp-image-2262\" src=\"http:\/\/donaladoll.com\/wp-content\/uploads\/2022\/05\/289222495_6288768391152171_8854128544358634627_n-300x200.jpg\" alt=\"\" width=\"450\" height=\"300\" srcset=\"https:\/\/donaladoll.com\/wp-content\/uploads\/2022\/05\/289222495_6288768391152171_8854128544358634627_n-300x200.jpg 300w, https:\/\/donaladoll.com\/wp-content\/uploads\/2022\/05\/289222495_6288768391152171_8854128544358634627_n-768x512.jpg 768w, https:\/\/donaladoll.com\/wp-content\/uploads\/2022\/05\/289222495_6288768391152171_8854128544358634627_n-700x467.jpg 700w, https:\/\/donaladoll.com\/wp-content\/uploads\/2022\/05\/289222495_6288768391152171_8854128544358634627_n.jpg 2048w\" sizes=\"(max-width: 450px) 100vw, 450px\" \/><\/p>\n<p style=\"text-align: center;\">\u00a9 <a href=\"https:\/\/www.instagram.com\/bobzombie_pics\/\">@bobzombie_pics<\/a>\u00a0&#8211; <a href=\"https:\/\/www.instagram.com\/wunderkabarett\/\">@wunderkabarett<\/a><\/p>\n","protected":false},"excerpt":{"rendered":"<p>Num\u00e9ro d&#8217;effeuillage burlesque\u00a0 *** A la fin de son service, une infirmi\u00e8re boit une bi\u00e8re pour se d\u00e9tendre. Incapable d\u2019\u00eatre raisonnable, elle tombe tr\u00e8s vite dans l&#8217;exc\u00e8s.\u00a0 Num\u00e9ro cr\u00e9\u00e9 sur [&hellip;]<\/p>\n","protected":false},"author":1,"featured_media":0,"parent":0,"menu_order":0,"comment_status":"closed","ping_status":"closed","template":"","meta":{"footnotes":""},"_links":{"self":[{"href":"https:\/\/donaladoll.com\/index.php\/wp-json\/wp\/v2\/pages\/2246"}],"collection":[{"href":"https:\/\/donaladoll.com\/index.php\/wp-json\/wp\/v2\/pages"}],"about":[{"href":"https:\/\/donaladoll.com\/index.php\/wp-json\/wp\/v2\/types\/page"}],"author":[{"embeddable":true,"href":"https:\/\/donaladoll.com\/index.php\/wp-json\/wp\/v2\/users\/1"}],"replies":[{"embeddable":true,"href":"https:\/\/donaladoll.com\/index.php\/wp-json\/wp\/v2\/comments?post=2246"}],"version-history":[{"count":13,"href":"https:\/\/donaladoll.com\/index.php\/wp-json\/wp\/v2\/pages\/2246\/revisions"}],"predecessor-version":[{"id":2813,"href":"https:\/\/donaladoll.com\/index.php\/wp-json\/wp\/v2\/pages\/2246\/revisions\/2813"}],"wp:attachment":[{"href":"https:\/\/donaladoll.com\/index.php\/wp-json\/wp\/v2\/media?parent=2246"}],"curies":[{"name":"wp","href":"https:\/\/api.w.org\/{rel}","templated":true}]}}