{"id":227,"date":"2016-12-31T19:41:08","date_gmt":"2016-12-31T18:41:08","guid":{"rendered":"http:\/\/donaladoll.com\/?page_id=227"},"modified":"2024-08-16T10:57:12","modified_gmt":"2024-08-16T08:57:12","slug":"la-kahina","status":"publish","type":"page","link":"https:\/\/donaladoll.com\/index.php\/la-kahina\/","title":{"rendered":"La Kahina"},"content":{"rendered":"<p style=\"text-align: center;\"><strong>Num\u00e9ro d&#8217;effeuillage burlesque &amp; Danse<\/strong><\/p>\n<p style=\"text-align: center;\"><strong>***<\/strong><\/p>\n<p style=\"text-align: center;\">Hommage \u00e0 Dihya Tadmut, surnomm\u00e9e La Kahina, Reine berb\u00e8re ayant men\u00e9 une guerre de r\u00e9sistance contre les invasions, consid\u00e9r\u00e9e par certains penseurs comme l&#8217;une des premi\u00e8res f\u00e9ministes, bien avant le Moyen \u00c2ge, et l&#8217;une des premi\u00e8res reines guerri\u00e8res de l\u2019Histoire.<\/p>\n<p style=\"text-align: center;\">Un symbole de r\u00e9sistance et de r\u00e9volte.<\/p>\n<p><img loading=\"lazy\" decoding=\"async\" class=\"wp-image-229 aligncenter\" src=\"http:\/\/donaladoll.com\/wp-content\/uploads\/2016\/12\/14500487_1807185739563116_4914219086853474754_o-700x700.jpg\" width=\"600\" height=\"600\" srcset=\"https:\/\/donaladoll.com\/wp-content\/uploads\/2016\/12\/14500487_1807185739563116_4914219086853474754_o-700x700.jpg 700w, https:\/\/donaladoll.com\/wp-content\/uploads\/2016\/12\/14500487_1807185739563116_4914219086853474754_o-150x150.jpg 150w, https:\/\/donaladoll.com\/wp-content\/uploads\/2016\/12\/14500487_1807185739563116_4914219086853474754_o-300x300.jpg 300w, https:\/\/donaladoll.com\/wp-content\/uploads\/2016\/12\/14500487_1807185739563116_4914219086853474754_o-768x768.jpg 768w, https:\/\/donaladoll.com\/wp-content\/uploads\/2016\/12\/14500487_1807185739563116_4914219086853474754_o-100x100.jpg 100w, https:\/\/donaladoll.com\/wp-content\/uploads\/2016\/12\/14500487_1807185739563116_4914219086853474754_o.jpg 1080w\" sizes=\"(max-width: 600px) 100vw, 600px\" \/><\/p>\n<p style=\"text-align: center;\">\u00a9 <a href=\"https:\/\/www.instagram.com\/giefkan\/\">@giefkan<\/a> &#8211; <a href=\"https:\/\/www.instagram.com\/wunderkabarett\/\">@wunderkabarett<\/a><\/p>\n<p style=\"text-align: center;\"><span style=\"text-decoration: underline;\"><strong>Repr\u00e9sentations<\/strong><\/span><\/p>\n<p style=\"text-align: center;\">Wunder Kabarett (Wunder Hero), octobre 2016<\/p>\n<p style=\"text-align: center;\">Rocka Burlesque #7, janvier 2017<\/p>\n<p style=\"text-align: center;\">Les Folies Burlesque de l&#8217;Isba, mars 2018<\/p>\n<p><img loading=\"lazy\" decoding=\"async\" class=\"aligncenter wp-image-514\" src=\"http:\/\/donaladoll.com\/wp-content\/uploads\/2016\/12\/Rockaburlesque3-20-200x300.jpg\" width=\"400\" height=\"599\" srcset=\"https:\/\/donaladoll.com\/wp-content\/uploads\/2016\/12\/Rockaburlesque3-20-200x300.jpg 200w, https:\/\/donaladoll.com\/wp-content\/uploads\/2016\/12\/Rockaburlesque3-20-768x1150.jpg 768w, https:\/\/donaladoll.com\/wp-content\/uploads\/2016\/12\/Rockaburlesque3-20-700x1049.jpg 700w\" sizes=\"(max-width: 400px) 100vw, 400px\" \/>\u00a0<img loading=\"lazy\" decoding=\"async\" class=\"aligncenter wp-image-515\" src=\"http:\/\/donaladoll.com\/wp-content\/uploads\/2016\/12\/Rockaburlesque3-21-200x300.jpg\" width=\"400\" height=\"599\" srcset=\"https:\/\/donaladoll.com\/wp-content\/uploads\/2016\/12\/Rockaburlesque3-21-200x300.jpg 200w, https:\/\/donaladoll.com\/wp-content\/uploads\/2016\/12\/Rockaburlesque3-21-768x1150.jpg 768w, https:\/\/donaladoll.com\/wp-content\/uploads\/2016\/12\/Rockaburlesque3-21-700x1049.jpg 700w\" sizes=\"(max-width: 400px) 100vw, 400px\" \/><\/p>\n","protected":false},"excerpt":{"rendered":"<p>Num\u00e9ro d&#8217;effeuillage burlesque &amp; Danse *** Hommage \u00e0 Dihya Tadmut, surnomm\u00e9e La Kahina, Reine berb\u00e8re ayant men\u00e9 une guerre de r\u00e9sistance contre les invasions, consid\u00e9r\u00e9e par certains penseurs comme l&#8217;une [&hellip;]<\/p>\n","protected":false},"author":1,"featured_media":0,"parent":0,"menu_order":0,"comment_status":"closed","ping_status":"closed","template":"","meta":{"footnotes":""},"_links":{"self":[{"href":"https:\/\/donaladoll.com\/index.php\/wp-json\/wp\/v2\/pages\/227"}],"collection":[{"href":"https:\/\/donaladoll.com\/index.php\/wp-json\/wp\/v2\/pages"}],"about":[{"href":"https:\/\/donaladoll.com\/index.php\/wp-json\/wp\/v2\/types\/page"}],"author":[{"embeddable":true,"href":"https:\/\/donaladoll.com\/index.php\/wp-json\/wp\/v2\/users\/1"}],"replies":[{"embeddable":true,"href":"https:\/\/donaladoll.com\/index.php\/wp-json\/wp\/v2\/comments?post=227"}],"version-history":[{"count":50,"href":"https:\/\/donaladoll.com\/index.php\/wp-json\/wp\/v2\/pages\/227\/revisions"}],"predecessor-version":[{"id":2812,"href":"https:\/\/donaladoll.com\/index.php\/wp-json\/wp\/v2\/pages\/227\/revisions\/2812"}],"wp:attachment":[{"href":"https:\/\/donaladoll.com\/index.php\/wp-json\/wp\/v2\/media?parent=227"}],"curies":[{"name":"wp","href":"https:\/\/api.w.org\/{rel}","templated":true}]}}