{"id":2351,"date":"2022-10-03T13:40:51","date_gmt":"2022-10-03T11:40:51","guid":{"rendered":"http:\/\/donaladoll.com\/?page_id=2351"},"modified":"2025-08-10T12:19:24","modified_gmt":"2025-08-10T10:19:24","slug":"ca-cest-cadeau","status":"publish","type":"page","link":"https:\/\/donaladoll.com\/index.php\/ca-cest-cadeau\/","title":{"rendered":"\u00c7a, c&#8217;est cadeau !"},"content":{"rendered":"<p style=\"text-align: center;\"><span lang=\"FR\"><strong>Num\u00e9ro d\u2019effeuillage burlesque\u00a0<\/strong><\/span><\/p>\n<p style=\"text-align: center;\"><strong>***<\/strong><\/p>\n<p style=\"text-align: center;\"><span lang=\"FR\">Envelopp\u00e9e de papier cadeau, d\u00e9cor\u00e9e de ballons et de confettis, Dona la Doll met l&#8217;ambiance et enflamme le dancefloor. Un num\u00e9ro sp\u00e9cial &#8220;anniversaire&#8221;, rythm\u00e9 et p\u00e9tillant, qui s\u2019ach\u00e8ve sur une touche de sensualit\u00e9 fr\u00f4lant l\u2019\u00e9rotisme.\u00a0<\/span><\/p>\n<p><img loading=\"lazy\" decoding=\"async\" class=\"aligncenter wp-image-2746\" src=\"http:\/\/donaladoll.com\/wp-content\/uploads\/2024\/07\/Sica@GuillaumeRobin152-300x300.jpg\" alt=\"\" width=\"400\" height=\"400\" srcset=\"https:\/\/donaladoll.com\/wp-content\/uploads\/2024\/07\/Sica@GuillaumeRobin152-300x300.jpg 300w, https:\/\/donaladoll.com\/wp-content\/uploads\/2024\/07\/Sica@GuillaumeRobin152-700x700.jpg 700w, https:\/\/donaladoll.com\/wp-content\/uploads\/2024\/07\/Sica@GuillaumeRobin152-150x150.jpg 150w, https:\/\/donaladoll.com\/wp-content\/uploads\/2024\/07\/Sica@GuillaumeRobin152-768x768.jpg 768w, https:\/\/donaladoll.com\/wp-content\/uploads\/2024\/07\/Sica@GuillaumeRobin152-1536x1536.jpg 1536w, https:\/\/donaladoll.com\/wp-content\/uploads\/2024\/07\/Sica@GuillaumeRobin152-2048x2048.jpg 2048w\" sizes=\"(max-width: 400px) 100vw, 400px\" \/><\/p>\n<p style=\"text-align: center;\">\u00a9 <a href=\"https:\/\/www.instagram.com\/guillaume.robin_photo\/\">@guillaume.robin_photo<\/a><\/p>\n<p style=\"text-align: center;\"><strong>***<\/strong><\/p>\n<p style=\"text-align: center;\"><span style=\"text-decoration: underline;\"><strong>Repr\u00e9sentation<\/strong><\/span><\/p>\n<p style=\"text-align: center;\">Wunder Birthday\u00a0\u2013 Wunder Kabarett,\u00a0octobre\u00a02022<\/p>\n<p><iframe loading=\"lazy\" title=\"Dona la Doll &quot;\u00c7a, C&#039;est cadeau !&quot; Teaser 2022\" width=\"640\" height=\"360\" src=\"https:\/\/www.youtube.com\/embed\/ZO3W86BB2fg?feature=oembed\" frameborder=\"0\" allow=\"accelerometer; autoplay; clipboard-write; encrypted-media; gyroscope; picture-in-picture; web-share\" referrerpolicy=\"strict-origin-when-cross-origin\" allowfullscreen><\/iframe><\/p>\n<p>&nbsp;<\/p>\n<p><img loading=\"lazy\" decoding=\"async\" class=\"aligncenter wp-image-2390\" src=\"http:\/\/donaladoll.com\/wp-content\/uploads\/2022\/10\/311931451_3347592492226148_2604203559951385951_n-200x300.jpg\" alt=\"\" width=\"300\" height=\"450\" srcset=\"https:\/\/donaladoll.com\/wp-content\/uploads\/2022\/10\/311931451_3347592492226148_2604203559951385951_n-200x300.jpg 200w, https:\/\/donaladoll.com\/wp-content\/uploads\/2022\/10\/311931451_3347592492226148_2604203559951385951_n-768x1152.jpg 768w, https:\/\/donaladoll.com\/wp-content\/uploads\/2022\/10\/311931451_3347592492226148_2604203559951385951_n-700x1050.jpg 700w, https:\/\/donaladoll.com\/wp-content\/uploads\/2022\/10\/311931451_3347592492226148_2604203559951385951_n.jpg 1000w\" sizes=\"(max-width: 300px) 100vw, 300px\" \/><\/p>\n<p><img loading=\"lazy\" decoding=\"async\" class=\"aligncenter wp-image-2394\" src=\"http:\/\/donaladoll.com\/wp-content\/uploads\/2022\/10\/312710841_3347591758892888_8142140831403733449_n-300x200.jpg\" alt=\"\" width=\"500\" height=\"333\" srcset=\"https:\/\/donaladoll.com\/wp-content\/uploads\/2022\/10\/312710841_3347591758892888_8142140831403733449_n-300x200.jpg 300w, https:\/\/donaladoll.com\/wp-content\/uploads\/2022\/10\/312710841_3347591758892888_8142140831403733449_n-768x512.jpg 768w, https:\/\/donaladoll.com\/wp-content\/uploads\/2022\/10\/312710841_3347591758892888_8142140831403733449_n-700x467.jpg 700w, https:\/\/donaladoll.com\/wp-content\/uploads\/2022\/10\/312710841_3347591758892888_8142140831403733449_n.jpg 1500w\" sizes=\"(max-width: 500px) 100vw, 500px\" \/><\/p>\n<p style=\"text-align: center;\">\u00a9 <a href=\"https:\/\/www.instagram.com\/laurent.qy\/\">@laurent.qy<\/a> \u00a0&#8211; <a href=\"https:\/\/www.instagram.com\/wunderkabarett\/\">@wunderkabarett<\/a><\/p>\n","protected":false},"excerpt":{"rendered":"<p>Num\u00e9ro d\u2019effeuillage burlesque\u00a0 *** Envelopp\u00e9e de papier cadeau, d\u00e9cor\u00e9e de ballons et de confettis, Dona la Doll met l&#8217;ambiance et enflamme le dancefloor. Un num\u00e9ro sp\u00e9cial &#8220;anniversaire&#8221;, rythm\u00e9 et p\u00e9tillant, [&hellip;]<\/p>\n","protected":false},"author":1,"featured_media":0,"parent":0,"menu_order":0,"comment_status":"closed","ping_status":"closed","template":"","meta":{"footnotes":""},"_links":{"self":[{"href":"https:\/\/donaladoll.com\/index.php\/wp-json\/wp\/v2\/pages\/2351"}],"collection":[{"href":"https:\/\/donaladoll.com\/index.php\/wp-json\/wp\/v2\/pages"}],"about":[{"href":"https:\/\/donaladoll.com\/index.php\/wp-json\/wp\/v2\/types\/page"}],"author":[{"embeddable":true,"href":"https:\/\/donaladoll.com\/index.php\/wp-json\/wp\/v2\/users\/1"}],"replies":[{"embeddable":true,"href":"https:\/\/donaladoll.com\/index.php\/wp-json\/wp\/v2\/comments?post=2351"}],"version-history":[{"count":17,"href":"https:\/\/donaladoll.com\/index.php\/wp-json\/wp\/v2\/pages\/2351\/revisions"}],"predecessor-version":[{"id":3123,"href":"https:\/\/donaladoll.com\/index.php\/wp-json\/wp\/v2\/pages\/2351\/revisions\/3123"}],"wp:attachment":[{"href":"https:\/\/donaladoll.com\/index.php\/wp-json\/wp\/v2\/media?parent=2351"}],"curies":[{"name":"wp","href":"https:\/\/api.w.org\/{rel}","templated":true}]}}