{"id":2368,"date":"2022-10-27T10:05:11","date_gmt":"2022-10-27T08:05:11","guid":{"rendered":"http:\/\/donaladoll.com\/?page_id=2368"},"modified":"2026-01-17T09:20:59","modified_gmt":"2026-01-17T08:20:59","slug":"elixir-de-jouvence","status":"publish","type":"page","link":"https:\/\/donaladoll.com\/index.php\/elixir-de-jouvence\/","title":{"rendered":"\u00c9lixir de Jouvence"},"content":{"rendered":"<p style=\"text-align: center;\"><strong>Num\u00e9ro d&#8217;effeuillage burlesque<\/strong><\/p>\n<p style=\"text-align: center;\">***<\/p>\n<p style=\"text-align: center;\">Publicit\u00e9 macabre pour un \u00c9lixir de Jouvence compos\u00e9 \u00e0 100% de sang de jeunes filles vierges, ce num\u00e9ro, teint\u00e9 de l&#8217;esprit du Grand Guignol et rendant hommage aux films de Vampires, vous fera rire et certainement fr\u00e9mir&#8230;<\/p>\n<p style=\"text-align: center;\"><a href=\"https:\/\/youtube.com\/shorts\/aAWoXmoQ4NA?si=DDZmbDxBkgMSs_0Z\">Dona la Doll &#8220;\u00c9lixir de Jouvence&#8221; Teaser 2022<\/a><\/p>\n<hr \/>\n<p style=\"text-align: center;\">Ce num\u00e9ro existe en plusieurs versions : une version cabaret et une version clubbing.<\/p>\n\n<div class=\"wp-block-image\">\n<figure class=\"aligncenter size-large is-resized\"><img loading=\"lazy\" decoding=\"async\" width=\"700\" height=\"1049\" src=\"http:\/\/donaladoll.com\/wp-content\/uploads\/2024\/04\/TEO_1120-1-700x1049.jpg\" alt=\"\" class=\"wp-image-2717\" style=\"width:262px\" srcset=\"https:\/\/donaladoll.com\/wp-content\/uploads\/2024\/04\/TEO_1120-1-700x1049.jpg 700w, https:\/\/donaladoll.com\/wp-content\/uploads\/2024\/04\/TEO_1120-1-200x300.jpg 200w, https:\/\/donaladoll.com\/wp-content\/uploads\/2024\/04\/TEO_1120-1-768x1151.jpg 768w, https:\/\/donaladoll.com\/wp-content\/uploads\/2024\/04\/TEO_1120-1-1025x1536.jpg 1025w, https:\/\/donaladoll.com\/wp-content\/uploads\/2024\/04\/TEO_1120-1-1367x2048.jpg 1367w, https:\/\/donaladoll.com\/wp-content\/uploads\/2024\/04\/TEO_1120-1-scaled.jpg 1708w\" sizes=\"(max-width: 700px) 100vw, 700px\" \/><\/figure><\/div>\n\n<p style=\"text-align: center;\">\u00a9 <a href=\"https:\/\/www.instagram.com\/theodora_sabath_insta4\/\">Theodora Sabbath<\/a><\/p>\n<p style=\"text-align: center;\"><img loading=\"lazy\" decoding=\"async\" class=\"aligncenter wp-image-2378\" src=\"http:\/\/donaladoll.com\/wp-content\/uploads\/2022\/10\/kHCCuQLujv1-IcmYFJIBDby_5-L4KeWF_Z1tkqefSKIeJxFPc-300x200.jpeg\" alt=\"\" width=\"450\" height=\"300\" srcset=\"https:\/\/donaladoll.com\/wp-content\/uploads\/2022\/10\/kHCCuQLujv1-IcmYFJIBDby_5-L4KeWF_Z1tkqefSKIeJxFPc-300x200.jpeg 300w, https:\/\/donaladoll.com\/wp-content\/uploads\/2022\/10\/kHCCuQLujv1-IcmYFJIBDby_5-L4KeWF_Z1tkqefSKIeJxFPc-768x512.jpeg 768w, https:\/\/donaladoll.com\/wp-content\/uploads\/2022\/10\/kHCCuQLujv1-IcmYFJIBDby_5-L4KeWF_Z1tkqefSKIeJxFPc-700x466.jpeg 700w\" sizes=\"(max-width: 450px) 100vw, 450px\" \/><\/p>\n<p style=\"text-align: center;\">\u00a9 <a href=\"https:\/\/www.instagram.com\/jk.studi0\/?hl=fr\">@jk.studi0<\/a> &#8211; <a href=\"https:\/\/www.instagram.com\/leslogesclub\/?hl=fr\">@LesLogesClub<\/a> &#8211; <a href=\"https:\/\/www.instagram.com\/snakecircleproductions\/?hl=fr\">@snakecircleproductions<\/a><\/p>\n<p style=\"text-align: center;\"><span style=\"text-decoration: underline;\"><strong>Repr\u00e9sentations<\/strong><\/span><\/p>\n<p style=\"text-align: center;\">Halloween, L&#8217;Abattoir #1 &#8211; Les Loges, Metz, octobre 2022<\/p>\n<p style=\"text-align: center;\">Wunder Kabarett (Wunder Evil),\u00a0novembre 2022<\/p>\n<p style=\"text-align: center;\">Les D\u00e9mons du Kinky, octobre 2024<\/p>\n<p style=\"text-align: center;\">Halloween, La Nuit des Ecorch\u00e9s &#8211; Les Loges, Metz, octobre 2024<\/p>\n<p style=\"text-align: center;\">Halloween, Le sanctuaire \u2013 Les Loges, Metz, octobre 2025<\/p>\n<p style=\"text-align: center;\"><img loading=\"lazy\" decoding=\"async\" class=\"aligncenter wp-image-2433\" src=\"http:\/\/donaladoll.com\/wp-content\/uploads\/2022\/10\/332031645_599847444811567_3234581301691560011_n-300x200.jpg\" alt=\"\" width=\"350\" height=\"233\" srcset=\"https:\/\/donaladoll.com\/wp-content\/uploads\/2022\/10\/332031645_599847444811567_3234581301691560011_n-300x200.jpg 300w, https:\/\/donaladoll.com\/wp-content\/uploads\/2022\/10\/332031645_599847444811567_3234581301691560011_n-768x512.jpg 768w, https:\/\/donaladoll.com\/wp-content\/uploads\/2022\/10\/332031645_599847444811567_3234581301691560011_n-700x467.jpg 700w, https:\/\/donaladoll.com\/wp-content\/uploads\/2022\/10\/332031645_599847444811567_3234581301691560011_n.jpg 1200w\" sizes=\"(max-width: 350px) 100vw, 350px\" \/><\/p>\n<p style=\"text-align: center;\">\u00a9 <a href=\"https:\/\/www.instagram.com\/fanny_chris_photo\/\">@fanny_chris_photo<\/a> &#8211; <a href=\"https:\/\/www.instagram.com\/wunderkabarett\/\">@wunderkabarett<\/a><\/p>\n<p style=\"text-align: center;\"><img loading=\"lazy\" decoding=\"async\" class=\"aligncenter wp-image-2423\" src=\"http:\/\/donaladoll.com\/wp-content\/uploads\/2022\/10\/327599794_740928294087140_2235994271487433778_n-225x300.jpg\" alt=\"\" width=\"338\" height=\"450\" srcset=\"https:\/\/donaladoll.com\/wp-content\/uploads\/2022\/10\/327599794_740928294087140_2235994271487433778_n-225x300.jpg 225w, https:\/\/donaladoll.com\/wp-content\/uploads\/2022\/10\/327599794_740928294087140_2235994271487433778_n-768x1024.jpg 768w, https:\/\/donaladoll.com\/wp-content\/uploads\/2022\/10\/327599794_740928294087140_2235994271487433778_n-700x933.jpg 700w, https:\/\/donaladoll.com\/wp-content\/uploads\/2022\/10\/327599794_740928294087140_2235994271487433778_n.jpg 900w\" sizes=\"(max-width: 338px) 100vw, 338px\" \/><\/p>\n<p style=\"text-align: center;\">\u00a9 <a href=\"https:\/\/www.instagram.com\/stephaned92\/\">@stephaned92<\/a> &#8211; <a href=\"https:\/\/www.instagram.com\/wunderkabarett\/\">@wunderkabarett<\/a><\/p>","protected":false},"excerpt":{"rendered":"<p>Num\u00e9ro d&#8217;effeuillage burlesque *** Publicit\u00e9 macabre pour un \u00c9lixir de Jouvence compos\u00e9 \u00e0 100% de sang de jeunes filles vierges, ce num\u00e9ro, teint\u00e9 de l&#8217;esprit du Grand Guignol et rendant [&hellip;]<\/p>\n","protected":false},"author":1,"featured_media":0,"parent":0,"menu_order":0,"comment_status":"closed","ping_status":"closed","template":"","meta":{"footnotes":""},"_links":{"self":[{"href":"https:\/\/donaladoll.com\/index.php\/wp-json\/wp\/v2\/pages\/2368"}],"collection":[{"href":"https:\/\/donaladoll.com\/index.php\/wp-json\/wp\/v2\/pages"}],"about":[{"href":"https:\/\/donaladoll.com\/index.php\/wp-json\/wp\/v2\/types\/page"}],"author":[{"embeddable":true,"href":"https:\/\/donaladoll.com\/index.php\/wp-json\/wp\/v2\/users\/1"}],"replies":[{"embeddable":true,"href":"https:\/\/donaladoll.com\/index.php\/wp-json\/wp\/v2\/comments?post=2368"}],"version-history":[{"count":24,"href":"https:\/\/donaladoll.com\/index.php\/wp-json\/wp\/v2\/pages\/2368\/revisions"}],"predecessor-version":[{"id":3277,"href":"https:\/\/donaladoll.com\/index.php\/wp-json\/wp\/v2\/pages\/2368\/revisions\/3277"}],"wp:attachment":[{"href":"https:\/\/donaladoll.com\/index.php\/wp-json\/wp\/v2\/media?parent=2368"}],"curies":[{"name":"wp","href":"https:\/\/api.w.org\/{rel}","templated":true}]}}