{"id":2486,"date":"2023-10-31T11:11:06","date_gmt":"2023-10-31T10:11:06","guid":{"rendered":"http:\/\/donaladoll.com\/?page_id=2486"},"modified":"2026-01-30T10:49:28","modified_gmt":"2026-01-30T09:49:28","slug":"coeur-sanglant","status":"publish","type":"page","link":"https:\/\/donaladoll.com\/index.php\/coeur-sanglant\/","title":{"rendered":"Coeur Sanglant"},"content":{"rendered":"<p style=\"text-align: center;\"><strong>Num\u00e9ro d&#8217;effeuillage burlesque &amp; Danse<\/strong><\/p>\n<p style=\"text-align: center;\"><strong>***<\/strong><\/p>\n<div>\n<p style=\"text-align: center;\">Dona la Doll vient de se faire larguer&#8230; Elle partage avec vous sa peine de c\u0153ur, et vous offrira le sien sur un plateau dor\u00e9, m\u00eame s&#8217;il est tout cass\u00e9.<\/p>\n<\/div>\n<p style=\"text-align: center;\"><strong>***<\/strong><\/p>\n<p style=\"text-align: center;\"><strong><span style=\"text-decoration: underline;\">Repr\u00e9sentations<\/span><\/strong><\/p>\n<p style=\"text-align: center;\">Halloween, L&#8217;Abattoir #2 \u2013 Les Loges, Metz, octobre 2023<\/p>\n<p style=\"text-align: center;\">Wunder Love Circus \u2013 Wunder Kabarett, f\u00e9vrier 2024<\/p>\n<p style=\"text-align: center;\">The Catbaret &#8220;H\u00e9ro\u00efne&#8221; Hanabi Circus \u2013 la Bellevilloise, juillet 2024<\/p>\n<p style=\"text-align: center;\">Ap\u00e9ro Burlesque, Boardwalk Factory \u2013\u00a0Montpellier, f\u00e9vrier 2025<\/p>\n<p style=\"text-align: center;\">La Crypte DragShow \u2013 Montpellier, juin 2025<\/p>\n<p style=\"text-align: center;\">M\u00e9diterran\u00e9e Burlesque Festival #1 \u2013 Montpellier, novembre 2025<\/p>\n<p><img loading=\"lazy\" decoding=\"async\" class=\"aligncenter wp-image-3291\" src=\"http:\/\/donaladoll.com\/wp-content\/uploads\/2026\/01\/MediterraneeBurlesqueFestival_2025_socialmedia_CRuiz_Dona-la-Doll_186-300x200.jpg\" alt=\"\" width=\"450\" height=\"300\" srcset=\"https:\/\/donaladoll.com\/wp-content\/uploads\/2026\/01\/MediterraneeBurlesqueFestival_2025_socialmedia_CRuiz_Dona-la-Doll_186-300x200.jpg 300w, https:\/\/donaladoll.com\/wp-content\/uploads\/2026\/01\/MediterraneeBurlesqueFestival_2025_socialmedia_CRuiz_Dona-la-Doll_186-700x467.jpg 700w, https:\/\/donaladoll.com\/wp-content\/uploads\/2026\/01\/MediterraneeBurlesqueFestival_2025_socialmedia_CRuiz_Dona-la-Doll_186-768x512.jpg 768w, https:\/\/donaladoll.com\/wp-content\/uploads\/2026\/01\/MediterraneeBurlesqueFestival_2025_socialmedia_CRuiz_Dona-la-Doll_186-1536x1024.jpg 1536w, https:\/\/donaladoll.com\/wp-content\/uploads\/2026\/01\/MediterraneeBurlesqueFestival_2025_socialmedia_CRuiz_Dona-la-Doll_186.jpg 2048w\" sizes=\"(max-width: 450px) 100vw, 450px\" \/><\/p>\n<p><img loading=\"lazy\" decoding=\"async\" class=\"aligncenter wp-image-3289\" src=\"http:\/\/donaladoll.com\/wp-content\/uploads\/2026\/01\/MediterraneeBurlesqueFestival_2025_socialmedia_CRuiz_Dona-la-Doll_150-300x200.jpg\" alt=\"\" width=\"450\" height=\"300\" srcset=\"https:\/\/donaladoll.com\/wp-content\/uploads\/2026\/01\/MediterraneeBurlesqueFestival_2025_socialmedia_CRuiz_Dona-la-Doll_150-300x200.jpg 300w, https:\/\/donaladoll.com\/wp-content\/uploads\/2026\/01\/MediterraneeBurlesqueFestival_2025_socialmedia_CRuiz_Dona-la-Doll_150-700x467.jpg 700w, https:\/\/donaladoll.com\/wp-content\/uploads\/2026\/01\/MediterraneeBurlesqueFestival_2025_socialmedia_CRuiz_Dona-la-Doll_150-768x512.jpg 768w, https:\/\/donaladoll.com\/wp-content\/uploads\/2026\/01\/MediterraneeBurlesqueFestival_2025_socialmedia_CRuiz_Dona-la-Doll_150-1536x1024.jpg 1536w, https:\/\/donaladoll.com\/wp-content\/uploads\/2026\/01\/MediterraneeBurlesqueFestival_2025_socialmedia_CRuiz_Dona-la-Doll_150.jpg 2048w\" sizes=\"(max-width: 450px) 100vw, 450px\" \/><\/p>\n<p><img loading=\"lazy\" decoding=\"async\" class=\"aligncenter wp-image-3290\" src=\"http:\/\/donaladoll.com\/wp-content\/uploads\/2026\/01\/MediterraneeBurlesqueFestival_2025_socialmedia_CRuiz_Dona-la-Doll_166-300x200.jpg\" alt=\"\" width=\"450\" height=\"300\" srcset=\"https:\/\/donaladoll.com\/wp-content\/uploads\/2026\/01\/MediterraneeBurlesqueFestival_2025_socialmedia_CRuiz_Dona-la-Doll_166-300x200.jpg 300w, https:\/\/donaladoll.com\/wp-content\/uploads\/2026\/01\/MediterraneeBurlesqueFestival_2025_socialmedia_CRuiz_Dona-la-Doll_166-700x467.jpg 700w, https:\/\/donaladoll.com\/wp-content\/uploads\/2026\/01\/MediterraneeBurlesqueFestival_2025_socialmedia_CRuiz_Dona-la-Doll_166-768x512.jpg 768w, https:\/\/donaladoll.com\/wp-content\/uploads\/2026\/01\/MediterraneeBurlesqueFestival_2025_socialmedia_CRuiz_Dona-la-Doll_166-1536x1024.jpg 1536w, https:\/\/donaladoll.com\/wp-content\/uploads\/2026\/01\/MediterraneeBurlesqueFestival_2025_socialmedia_CRuiz_Dona-la-Doll_166.jpg 2048w\" sizes=\"(max-width: 450px) 100vw, 450px\" \/><\/p>\n<p style=\"text-align: center;\">M\u00e9diterran\u00e9e Burlesque Festival &#8211; photos Christophe Ruiz @pixels34bycruiz<\/p>\n<p><img loading=\"lazy\" decoding=\"async\" class=\"aligncenter wp-image-2782\" src=\"http:\/\/donaladoll.com\/wp-content\/uploads\/2024\/08\/20240710_2118_DSC08663_3K_wo-300x200.jpg\" alt=\"\" width=\"450\" height=\"300\" srcset=\"https:\/\/donaladoll.com\/wp-content\/uploads\/2024\/08\/20240710_2118_DSC08663_3K_wo-300x200.jpg 300w, https:\/\/donaladoll.com\/wp-content\/uploads\/2024\/08\/20240710_2118_DSC08663_3K_wo-700x467.jpg 700w, https:\/\/donaladoll.com\/wp-content\/uploads\/2024\/08\/20240710_2118_DSC08663_3K_wo-768x512.jpg 768w, https:\/\/donaladoll.com\/wp-content\/uploads\/2024\/08\/20240710_2118_DSC08663_3K_wo-1536x1024.jpg 1536w, https:\/\/donaladoll.com\/wp-content\/uploads\/2024\/08\/20240710_2118_DSC08663_3K_wo-2048x1365.jpg 2048w\" sizes=\"(max-width: 450px) 100vw, 450px\" \/><\/p>\n<p style=\"text-align: center;\">\u00a9 <a href=\"https:\/\/www.instagram.com\/giefkan\/\">@giefkan<\/a> &#8211; <a href=\"https:\/\/www.instagram.com\/hanabi_circus\/\">@hanabi_circus<\/a>, Catbaret &#8220;H\u00e9ro\u00efne&#8221;<\/p>\n<p><img loading=\"lazy\" decoding=\"async\" class=\"aligncenter wp-image-2783\" src=\"http:\/\/donaladoll.com\/wp-content\/uploads\/2024\/08\/Catbaret-69-225x300.jpg\" alt=\"\" width=\"300\" height=\"400\" srcset=\"https:\/\/donaladoll.com\/wp-content\/uploads\/2024\/08\/Catbaret-69-225x300.jpg 225w, https:\/\/donaladoll.com\/wp-content\/uploads\/2024\/08\/Catbaret-69-700x932.jpg 700w, https:\/\/donaladoll.com\/wp-content\/uploads\/2024\/08\/Catbaret-69-768x1023.jpg 768w, https:\/\/donaladoll.com\/wp-content\/uploads\/2024\/08\/Catbaret-69-1153x1536.jpg 1153w, https:\/\/donaladoll.com\/wp-content\/uploads\/2024\/08\/Catbaret-69-1538x2048.jpg 1538w, https:\/\/donaladoll.com\/wp-content\/uploads\/2024\/08\/Catbaret-69-scaled.jpg 1922w\" sizes=\"(max-width: 300px) 100vw, 300px\" \/><\/p>\n<p style=\"text-align: center;\">\u00a9 <a href=\"https:\/\/www.instagram.com\/lightspirit_photos\/\">@lightspirit_photos<\/a> &#8211; <a href=\"https:\/\/www.instagram.com\/hanabi_circus\/\">@hanabi_circus<\/a>, Catbaret &#8220;H\u00e9ro\u00efne&#8221;<\/p>\n","protected":false},"excerpt":{"rendered":"<p>Num\u00e9ro d&#8217;effeuillage burlesque &amp; Danse *** Dona la Doll vient de se faire larguer&#8230; Elle partage avec vous sa peine de c\u0153ur, et vous offrira le sien sur un plateau [&hellip;]<\/p>\n","protected":false},"author":1,"featured_media":0,"parent":0,"menu_order":0,"comment_status":"closed","ping_status":"closed","template":"","meta":{"footnotes":""},"_links":{"self":[{"href":"https:\/\/donaladoll.com\/index.php\/wp-json\/wp\/v2\/pages\/2486"}],"collection":[{"href":"https:\/\/donaladoll.com\/index.php\/wp-json\/wp\/v2\/pages"}],"about":[{"href":"https:\/\/donaladoll.com\/index.php\/wp-json\/wp\/v2\/types\/page"}],"author":[{"embeddable":true,"href":"https:\/\/donaladoll.com\/index.php\/wp-json\/wp\/v2\/users\/1"}],"replies":[{"embeddable":true,"href":"https:\/\/donaladoll.com\/index.php\/wp-json\/wp\/v2\/comments?post=2486"}],"version-history":[{"count":21,"href":"https:\/\/donaladoll.com\/index.php\/wp-json\/wp\/v2\/pages\/2486\/revisions"}],"predecessor-version":[{"id":3293,"href":"https:\/\/donaladoll.com\/index.php\/wp-json\/wp\/v2\/pages\/2486\/revisions\/3293"}],"wp:attachment":[{"href":"https:\/\/donaladoll.com\/index.php\/wp-json\/wp\/v2\/media?parent=2486"}],"curies":[{"name":"wp","href":"https:\/\/api.w.org\/{rel}","templated":true}]}}