{"id":3245,"date":"2025-11-22T15:01:24","date_gmt":"2025-11-22T14:01:24","guid":{"rendered":"https:\/\/donaladoll.com\/?page_id=3245"},"modified":"2025-11-22T15:05:43","modified_gmt":"2025-11-22T14:05:43","slug":"film-mon-energie","status":"publish","type":"page","link":"https:\/\/donaladoll.com\/index.php\/film-mon-energie\/","title":{"rendered":"Film &#8220;Mon \u00e9nergie&#8221;"},"content":{"rendered":"\n<p>Film r\u00e9alis\u00e9 principalement \u00e0 partir d\u2019images d\u2019archives&nbsp;<\/p>\n\n\n\n<p>\u00c9crit et mont\u00e9 par Sica Zaoui<\/p>\n\n\n\n<p>Dur\u00e9e 28 minutes&nbsp;<\/p>\n\n\n\n<figure class=\"wp-block-embed is-type-video is-provider-youtube wp-block-embed-youtube wp-embed-aspect-16-9 wp-has-aspect-ratio\"><div class=\"wp-block-embed__wrapper\">\n<iframe loading=\"lazy\" title=\"MON ENERGIE\" width=\"640\" height=\"360\" src=\"https:\/\/www.youtube.com\/embed\/epTxiQZphIE?feature=oembed\" frameborder=\"0\" allow=\"accelerometer; autoplay; clipboard-write; encrypted-media; gyroscope; picture-in-picture; web-share\" referrerpolicy=\"strict-origin-when-cross-origin\" allowfullscreen><\/iframe>\n<\/div><\/figure>\n\n\n\n<p><strong><u>PITCH<\/u><\/strong><\/p>\n\n\n\n<p>A travers un \u00e9trange parcours, apr\u00e8s avoir \u00e9t\u00e9 paralys\u00e9e par la scl\u00e9rose en plaques, j\u2019ai souhait\u00e9 livrer \u00e0 travers ce film une partie du r\u00e9cit du combat et de la qu\u00eate de mon \u00e9nergie.<\/p>\n\n\n\n<p>Attention spoiler&nbsp;: je l\u2019ai retrouv\u00e9e. &nbsp;&nbsp;<\/p>\n\n\n\n<p>&#8212;<\/p>\n\n\n\n<p><strong>NOTE D&#8217;INTENTION \u2013 ECRITURE &amp; REALISATION<\/strong><\/p>\n\n\n\n<p>EN 2019, j\u2019ai appris que j\u2019avais la scl\u00e9rose en plaques depuis plusieurs ann\u00e9es. Les \u00ab crises \u00bb \u00e9tranges que j\u2019avais eues auparavant n\u2019avaient pas \u00e9t\u00e9 prises au s\u00e9rieux, malgr\u00e9 les douleurs et dysfonctionnements physiques que je traversais ; ce n\u2019\u00e9tait \u00ab rien \u00bb d\u2019apr\u00e8s les divers m\u00e9decins que j\u2019avais consult\u00e9s.<\/p>\n\n\n\n<p>C&#8217;est l&#8217;ann\u00e9e 2011 qui marque l&#8217;arriv\u00e9e ou l&#8217;\u00e9veil de cette maladie dans mon corps.<br>Puis en 2014, ma jambe gauche a \u00e9t\u00e9 paralys\u00e9e pendant plusieurs semaines et je souSrais \u00e9norm\u00e9ment : on a cru que je faisais du cin\u00e9ma.<br>C&#8217;est vrai que je suis bonne com\u00e9dienne, mais dans un autre registre : celui de faire semblant que tout va bien, de camoufler la douleur. J&#8217;ai appris \u00e0 me taire puisque l&#8217;on ne me croyait pas.<br>En 2019, apr\u00e8s le verdict, mes journ\u00e9es sont devenues un champ de bataille permanent. Totalement vid\u00e9e de mon \u00e9nergie, un combat s&#8217;est enclench\u00e9 en moi. Par intuition et par miracle, je ne me suis pas eSondr\u00e9e. Moi qui avais souvent eue des pens\u00e9es suicidaires, notamment li\u00e9es au fait que je me sentais tr\u00e8s mal dans mon corps, j&#8217;ai rencontr\u00e9 mon instinct de survie, et r\u00e9ussi \u00e0 retourner au studio de danse o\u00f9 je prenais r\u00e9guli\u00e8rement des cours.<\/p>\n\n\n\n<p>Je ne souhaite pas parler de cette maladie bizarre en d\u00e9tails, car ce r\u00e9cit ne serait ni utile, ni int\u00e9ressant. M\u00eame si je l\u2019\u00e9voque, ce n\u2019est pas la priorit\u00e9. Je veux parler du combat.<br>Ce que je souhaite raconter, c&#8217;est ce long voyage en Enfer, et comment j\u2019en suis revenue. En \u00e9coutant mes besoins et mes envies, en tra\u00e7ant ma voie, en me nourrissant de l\u2019\u00e9nergie de mes professeurs, des autres \u00e9l\u00e8ves et de mes amis, j&#8217;ai r\u00e9ussi \u00e0 reprendre des forces \u00e0 travers un combat quotidien. Aller en cours de danse. Danser encore chez moi. Reprendre le contr\u00f4le de mon corps.<\/p>\n\n\n\n<p>A travers ce film, je souhaite mettre en images l&#8217;impalpable : la recherche de mon \u00e9nergie. Sica Zaoui<\/p>\n\n\n\n<p><img decoding=\"async\" src=\"blob:https:\/\/donaladoll.com\/452a6560-5834-4f4c-a4a2-33718865a455\" alt=\"page1image65635552\" width=\"164.640000\" height=\"0.240000\"><\/p>\n\n\n\n<p>NOTE D&#8217;INTENTION \u2013 REALISATION &amp; PRODUCTION<\/p>\n\n\n\n<p>Mon besoin de faire ce film comme je l\u2019entendais m&#8217;a emp\u00each\u00e9e de solliciter des producteurs et des diSuseurs pour qui le projet aurait probablement \u00e9t\u00e9 trop \u00ab faible \u00bb, pas assez \u00ab cadr\u00e9 \u00bb. Je souhaitais pouvoir laisser libre cours \u00e0 ma cr\u00e9ativit\u00e9, et aussi \u00e0 mon propos.<\/p>\n\n\n\n<p>Je connais les circuits de l&#8217;audiovisuel, car je travaille dans le milieu de la production depuis 18 ans, et je ne voulais pas en d\u00e9pendre. J&#8217;ai donc choisi d&#8217;auto-produire et d&#8217;auto-financer ce film.<br>De cette mani\u00e8re, je me suis aSranchie de toutes contraintes de production et de r\u00e9alisation. En revanche, j&#8217;en ai subi aussi les inconv\u00e9nients, et j\u2019ai \u00e9t\u00e9 oblig\u00e9e de travailler seule (\u00e9criture, derushage, montage, \u00e9talonnage), \u00e0 l&#8217;image du combat men\u00e9 contre cette maladie. Pour autant, je n\u2019ai pas manqu\u00e9 pas de faire appel au regard ext\u00e9rieur de plusieurs personnes, tout au long du processus de cr\u00e9ation, afin de prendre du recul sur ce film.<\/p>\n\n\n\n<p>C&#8217;est \u00e0 la suite d&#8217;une discussion avec le r\u00e9alisateur Karim Hapette que le projet est devenu concret. J&#8217;avais des id\u00e9es depuis plusieurs mois, et des images, mais je ne savais pas par o\u00f9 commencer. Je souhaitais solliciter Karim afin de tourner plus d&#8217;images, notamment au studio de danse. Il n\u2019a pas refus\u00e9, mais m&#8217;a conseill\u00e9e de me lancer et de faire avec ce que j&#8217;avais d\u00e9j\u00e0.<\/p>\n\n\n\n<p>Port\u00e9e par le besoin de r\u00e9aliser cette \u0153uvre audiovisuelle, j\u2019ai rassembl\u00e9 et tri\u00e9 les images, \u00e9crit une voix oS, et me suis mise au travail.<br>Six mois plus tard, j\u2019ai publi\u00e9 \u00ab Mon \u00e9nergie \u00bb sur YouTube.<br>M\u00eame si je n&#8217;envisageais pas de diSusion \u00e0 travers d\u2019autres m\u00e9dias, j\u2019envoie le film \u00e0 des festivals afin d\u2019essayer de le diSuser plus largement.<\/p>\n\n\n\n<p>J\u2019ai eu d\u2019excellents retours, des personnes atteintes de la SEP ou non, et j\u2019ai re\u00e7u un grand nombre de messages de personnes me faisant part de leur \u00e9motion (m\u00eame mon neurologue !).<br>J\u2019esp\u00e8re qu\u2019il pourra servir \u00e0 d\u2019autres personnes, malades ou non, en qu\u00eate elles aussi d\u2019\u00e9nergie, en leur apportant quelques pistes, en les encourageants, et en leur transmettant le plus de force possible, quel que soit leur combat.<\/p>\n\n\n\n<p>Sica Zaoui<\/p>\n","protected":false},"excerpt":{"rendered":"<p>Film r\u00e9alis\u00e9 principalement \u00e0 partir d\u2019images d\u2019archives&nbsp; \u00c9crit et mont\u00e9 par Sica Zaoui Dur\u00e9e 28 minutes&nbsp; PITCH A travers un \u00e9trange parcours, apr\u00e8s avoir \u00e9t\u00e9 paralys\u00e9e par la scl\u00e9rose en [&hellip;]<\/p>\n","protected":false},"author":1,"featured_media":0,"parent":0,"menu_order":0,"comment_status":"closed","ping_status":"closed","template":"","meta":{"footnotes":""},"_links":{"self":[{"href":"https:\/\/donaladoll.com\/index.php\/wp-json\/wp\/v2\/pages\/3245"}],"collection":[{"href":"https:\/\/donaladoll.com\/index.php\/wp-json\/wp\/v2\/pages"}],"about":[{"href":"https:\/\/donaladoll.com\/index.php\/wp-json\/wp\/v2\/types\/page"}],"author":[{"embeddable":true,"href":"https:\/\/donaladoll.com\/index.php\/wp-json\/wp\/v2\/users\/1"}],"replies":[{"embeddable":true,"href":"https:\/\/donaladoll.com\/index.php\/wp-json\/wp\/v2\/comments?post=3245"}],"version-history":[{"count":4,"href":"https:\/\/donaladoll.com\/index.php\/wp-json\/wp\/v2\/pages\/3245\/revisions"}],"predecessor-version":[{"id":3252,"href":"https:\/\/donaladoll.com\/index.php\/wp-json\/wp\/v2\/pages\/3245\/revisions\/3252"}],"wp:attachment":[{"href":"https:\/\/donaladoll.com\/index.php\/wp-json\/wp\/v2\/media?parent=3245"}],"curies":[{"name":"wp","href":"https:\/\/api.w.org\/{rel}","templated":true}]}}