{"id":470,"date":"2017-01-10T16:42:53","date_gmt":"2017-01-10T15:42:53","guid":{"rendered":"http:\/\/donaladoll.com\/?page_id=470"},"modified":"2026-03-22T13:13:29","modified_gmt":"2026-03-22T12:13:29","slug":"agenda","status":"publish","type":"page","link":"https:\/\/donaladoll.com\/","title":{"rendered":""},"content":{"rendered":"\n<p><\/p>\n\n\n\n<h1 class=\"wp-block-heading\"><\/h1>\n\n\n\n<p><\/p>\n\n\n\n<h1 class=\"wp-block-heading\"><\/h1>\n\n\n\n<p><\/p>\n\n\n\n<p><\/p>\n\n\n<div class=\"wp-block-image\">\n<figure class=\"aligncenter size-full is-resized\"><img decoding=\"async\" src=\"http:\/\/donaladoll.com\/wp-content\/uploads\/2026\/01\/Retrospective-2025-H264-1.mov\" alt=\"\" class=\"wp-image-3281\" style=\"width:350px\"\/><\/figure><\/div>\n\n\n<p><\/p>\n\n\n\n<p>Puisant ses influences dans plusieurs registres et univers, Dona la Doll est adepte de dancehall, de culture hip-hop, ou encore de tribal fusion, danse captivante qu\u2019elle saupoudre dans la plupart de ses num\u00e9ros.<\/p>\n\n\n\n<p>Librement inspir\u00e9e par le personnage de Betty Boop et par Josephine Baker qui devient son mod\u00e8le, autant par le style de danse que par la personnalit\u00e9 et la force de caract\u00e8re, elle aime cr\u00e9er la surprise et emmener l\u2019effeuillage burlesque l\u00e0 o\u00f9 il est peu attendu ; elle collabore notamment avec le rappeur G\u00e9rard Baste lors de ses concerts (tourn\u00e9e 2016-2018).<\/p>\n\n\n\n<hr class=\"wp-block-separator has-alpha-channel-opacity\"\/>\n\n\n\n<p>Dona la Doll draws inspiration from several genres and styles. Loosely inspired by Josephine Baker, who became her model both for her dance style and her personality and strength of character, she is also a follower of rap and dancehall music and culture, and does not hesitate to vary her influences to bring her performances a very personal touch.<\/p>\n\n\n\n<figure class=\"wp-block-image is-resized\"><img loading=\"lazy\" decoding=\"async\" width=\"300\" height=\"200\" src=\"http:\/\/donaladoll.com\/wp-content\/uploads\/2016\/12\/DSC_1460-300x200.jpg\" alt=\"\" class=\"wp-image-1120\" style=\"width:500px\" srcset=\"https:\/\/donaladoll.com\/wp-content\/uploads\/2016\/12\/DSC_1460-300x200.jpg 300w, https:\/\/donaladoll.com\/wp-content\/uploads\/2016\/12\/DSC_1460-768x512.jpg 768w, https:\/\/donaladoll.com\/wp-content\/uploads\/2016\/12\/DSC_1460-700x467.jpg 700w\" sizes=\"(max-width: 300px) 100vw, 300px\" \/><\/figure>\n\n\n\n<p class=\"has-text-align-left\">\u00a9 <a href=\"https:\/\/www.facebook.com\/Guillemeaumaxime\">Maxime Guillemeau<\/a><\/p>\n\n\n\n<h1 class=\"wp-block-heading\"><strong><span style=\"text-decoration: underline;\">Burlesques \/ Agenda<\/span><\/strong><\/h1>\n\n\n\n<p class=\"has-text-align-left\"><strong><span style=\"text-decoration: underline;\">Prochaines dates<\/span><\/strong><\/p>\n\n\n\n<p>\u00e0 venir <\/p>\n\n\n\n<p class=\"has-text-align-left\"><strong><span style=\"text-decoration: underline;\">Derni\u00e8res dates<\/span><\/strong><\/p>\n\n\n\n<ul>\n<li>samedi 21 mars 2026 : <b>Salon du Tatouage de Marseille<\/b><\/li>\n\n\n\n<li>vendredi 28 novembre 2025 : <strong>M\u00e9diterran\u00e9e Burlesque Festival #1<\/strong>, Montpellier<\/li>\n\n\n\n<li>vendredi 31 octobre 2025 : <strong>Le Sanctuaire<\/strong>,&nbsp;au <strong><a href=\"https:\/\/www.facebook.com\/lesloges\/\">Club Les Loges<\/a><\/strong> \u00e0 Saint-Julien-l\u00e8s-Metz<\/li>\n\n\n\n<li>jeudi 25 septembre 2025 : <strong>Massilia Burlesque Show<\/strong>, \u00e0 l&#8217;Absolem, Marseille instagram <a href=\"https:\/\/www.instagram.com\/massiliaburlesqueshow\/\">@massiliaburlesqueshow<\/a><\/li>\n\n\n\n<li>mercredi 18 juin 2025 : <strong>Massilia Burlesque Show<\/strong>, \u00e0 l&#8217;Absolem, Marseille instagram <a href=\"https:\/\/www.instagram.com\/massiliaburlesqueshow\/\">@massiliaburlesqueshow<\/a><\/li>\n\n\n\n<li>mardi 3 juin 2025 : <strong>La Crypte DragShow<\/strong>, Montpellier<\/li>\n\n\n\n<li>mercredi 21 mai 2025 : <strong>Massilia Burlesque Show<\/strong>, \u00e0 l&#8217;Absolem, Marseille instagram <a href=\"https:\/\/www.instagram.com\/massiliaburlesqueshow\/\">@massiliaburlesqueshow<\/a><\/li>\n\n\n\n<li>jeudi 8 mai 2025 : <strong>Cabaret Cornu<\/strong>, Th\u00e9\u00e2tre de la Plume, Montpellier<\/li>\n\n\n\n<li>dimanche 2 f\u00e9vrier 2025 : <strong><a href=\"https:\/\/www.boardwalk-factory.com\/evenements\/aperoburlesque.html\">Ap\u00e9ro Burlesque<\/a><\/strong>, Boardwalk Factory, Montpellier<\/li>\n\n\n\n<li>samedi 18 janvier 2025 : <a href=\"https:\/\/www.facebook.com\/events\/601987739184685\"><strong>YG et les YGirrls en concert<\/strong><\/a>, \u00e0 la Jonesy Agency<\/li>\n\n\n\n<li>jeudi 16 janvier 2025 : Soir\u00e9e Priv\u00e9e, Paris<\/li>\n\n\n\n<li>mercredi 6 novembre 2024 :&nbsp;<strong>Le Cercle des Ombres &#8211; <a href=\"https:\/\/www.instagram.com\/cabaretchimerique\/\">Cabaret Chim\u00e9rique<\/a>&nbsp;<\/strong>\u00e0 l&#8217;Atomic Cat<\/li>\n\n\n\n<li>jeudi 31 octobre 2024 : <strong>La Nuit des Ecorch\u00e9s<\/strong>,&nbsp;au <strong><a href=\"https:\/\/www.facebook.com\/lesloges\/\">Club Les Loges<\/a><\/strong> \u00e0 Saint-Julien-l\u00e8s-Metz<\/li>\n\n\n\n<li>vendredi 25 octobre 2024 : <a href=\"https:\/\/www.instagram.com\/hell.o.kinky\"><strong>Les D\u00e9mons du Kinky<\/strong><\/a><\/li>\n\n\n\n<li>samedi 12 octobre 2024 : <a href=\"https:\/\/www.facebook.com\/events\/798954852171836\/?acontext=%7B%22source%22%3A%2229%22%2C%22ref_notif_type%22%3A%22plan_user_invited%22%2C%22action_history%22%3A%22null%22%7D&amp;notif_id=1726517102578541&amp;notif_t=plan_user_invited&amp;ref=notif\"><strong>YG et les YGirrls en concert<\/strong><\/a>, \u00e0 la Jonesy Agency<\/li>\n\n\n\n<li>samedi 5 octobre 2024 :<strong>&nbsp;<a href=\"https:\/\/www.facebook.com\/events\/3665780713739993\/\">Wunder Taboo<\/a><\/strong>&nbsp;&#8211;&nbsp;<strong>Wunder Kabarett<\/strong>, \u00e0 la Jonesy Agency<\/li>\n\n\n\n<li>6 &#8211; 11 ao\u00fbt 2024 : <strong>Edinburgh Festival Fringe<\/strong> !!! &gt;&gt;&gt; Burlesque Gin &amp; Jazz, All-Stars Burlesque, Best of Burlesque<\/li>\n<\/ul>\n\n\n<div class=\"wp-block-image\">\n<figure class=\"alignleft is-resized\"><img loading=\"lazy\" decoding=\"async\" width=\"200\" height=\"300\" src=\"http:\/\/donaladoll.com\/wp-content\/uploads\/2017\/01\/Sica_-3-200x300.jpg\" alt=\"\" class=\"wp-image-482\" style=\"width:auto;height:500px\" srcset=\"https:\/\/donaladoll.com\/wp-content\/uploads\/2017\/01\/Sica_-3-200x300.jpg 200w, https:\/\/donaladoll.com\/wp-content\/uploads\/2017\/01\/Sica_-3-768x1150.jpg 768w, https:\/\/donaladoll.com\/wp-content\/uploads\/2017\/01\/Sica_-3-700x1048.jpg 700w\" sizes=\"(max-width: 200px) 100vw, 200px\" \/><\/figure><\/div>\n\n\n<p>\u00a9&nbsp;Torz Rovers<\/p>\n","protected":false},"excerpt":{"rendered":"<p>Puisant ses influences dans plusieurs registres et univers, Dona la Doll est adepte de dancehall, de culture hip-hop, ou encore de tribal fusion, danse captivante qu\u2019elle saupoudre dans la plupart [&hellip;]<\/p>\n","protected":false},"author":1,"featured_media":0,"parent":0,"menu_order":0,"comment_status":"closed","ping_status":"closed","template":"","meta":{"footnotes":""},"_links":{"self":[{"href":"https:\/\/donaladoll.com\/index.php\/wp-json\/wp\/v2\/pages\/470"}],"collection":[{"href":"https:\/\/donaladoll.com\/index.php\/wp-json\/wp\/v2\/pages"}],"about":[{"href":"https:\/\/donaladoll.com\/index.php\/wp-json\/wp\/v2\/types\/page"}],"author":[{"embeddable":true,"href":"https:\/\/donaladoll.com\/index.php\/wp-json\/wp\/v2\/users\/1"}],"replies":[{"embeddable":true,"href":"https:\/\/donaladoll.com\/index.php\/wp-json\/wp\/v2\/comments?post=470"}],"version-history":[{"count":194,"href":"https:\/\/donaladoll.com\/index.php\/wp-json\/wp\/v2\/pages\/470\/revisions"}],"predecessor-version":[{"id":3324,"href":"https:\/\/donaladoll.com\/index.php\/wp-json\/wp\/v2\/pages\/470\/revisions\/3324"}],"wp:attachment":[{"href":"https:\/\/donaladoll.com\/index.php\/wp-json\/wp\/v2\/media?parent=470"}],"curies":[{"name":"wp","href":"https:\/\/api.w.org\/{rel}","templated":true}]}}