{"id":501,"date":"2017-01-31T16:00:00","date_gmt":"2017-01-31T15:00:00","guid":{"rendered":"http:\/\/donaladoll.com\/?page_id=501"},"modified":"2025-11-13T20:55:47","modified_gmt":"2025-11-13T19:55:47","slug":"two-ladies-pon-di-floor","status":"publish","type":"page","link":"https:\/\/donaladoll.com\/index.php\/two-ladies-pon-di-floor\/","title":{"rendered":"trio Two Ladies Pon Di Floor"},"content":{"rendered":"<p style=\"text-align: center;\"><strong>Trio \/ Num\u00e9ro d&#8217;effeuillage burlesque<\/strong><\/p>\n<p style=\"text-align: center;\">***<\/p>\n<p style=\"text-align: center;\"><strong>Un num\u00e9ro con\u00e7u et interpr\u00e9t\u00e9 par un trio torride : Dona la Doll,\u00a0Velena Rossa\u00a0&amp; Pilove\u00a0!<\/strong><\/p>\n<p style=\"text-align: center;\">M\u00e9nage \u00e0 3 assum\u00e9, tout en harmonie, inspir\u00e9 de\u00a0la chanson\u00a0\u00ab\u00a0Two ladies\u00a0\u00bb du film culte \u00ab\u00a0Cabaret\u00a0\u00bb.<\/p>\n<p style=\"text-align: center;\">Au programme : du dancehall, de l&#8217;amour, des\u00a0pr\u00e9servatifs&#8230;<\/p>\n<p><iframe loading=\"lazy\" title=\"Pilove, Velena Rossa &amp; Dona la Doll &quot;Two Ladies Pon Di Floor&quot; 2017 Teaser\" width=\"640\" height=\"360\" src=\"https:\/\/www.youtube.com\/embed\/7mVYEM9GsiE?feature=oembed\" frameborder=\"0\" allow=\"accelerometer; autoplay; clipboard-write; encrypted-media; gyroscope; picture-in-picture; web-share\" referrerpolicy=\"strict-origin-when-cross-origin\" allowfullscreen><\/iframe><\/p>\n<p style=\"text-align: center;\"><strong><span style=\"text-decoration: underline;\">Repr\u00e9sentation<\/span><\/strong><\/p>\n<p style=\"text-align: center;\">Wunder Kabarett (Wunder Love), f\u00e9vrier 2017<\/p>\n<p style=\"text-align: center;\"><img loading=\"lazy\" decoding=\"async\" class=\"aligncenter wp-image-609\" src=\"http:\/\/donaladoll.com\/wp-content\/uploads\/2017\/01\/17546856_1783862895265790_4278119829855139022_o-300x204.jpg\" alt=\"\" width=\"550\" height=\"374\" srcset=\"https:\/\/donaladoll.com\/wp-content\/uploads\/2017\/01\/17546856_1783862895265790_4278119829855139022_o-300x204.jpg 300w, https:\/\/donaladoll.com\/wp-content\/uploads\/2017\/01\/17546856_1783862895265790_4278119829855139022_o-768x522.jpg 768w, https:\/\/donaladoll.com\/wp-content\/uploads\/2017\/01\/17546856_1783862895265790_4278119829855139022_o-700x476.jpg 700w, https:\/\/donaladoll.com\/wp-content\/uploads\/2017\/01\/17546856_1783862895265790_4278119829855139022_o.jpg 1412w\" sizes=\"(max-width: 550px) 100vw, 550px\" \/><\/p>\n<p style=\"text-align: center;\">\n","protected":false},"excerpt":{"rendered":"<p>Trio \/ Num\u00e9ro d&#8217;effeuillage burlesque *** Un num\u00e9ro con\u00e7u et interpr\u00e9t\u00e9 par un trio torride : Dona la Doll,\u00a0Velena Rossa\u00a0&amp; Pilove\u00a0! M\u00e9nage \u00e0 3 assum\u00e9, tout en harmonie, inspir\u00e9 de\u00a0la [&hellip;]<\/p>\n","protected":false},"author":1,"featured_media":0,"parent":0,"menu_order":0,"comment_status":"closed","ping_status":"closed","template":"","meta":{"footnotes":""},"_links":{"self":[{"href":"https:\/\/donaladoll.com\/index.php\/wp-json\/wp\/v2\/pages\/501"}],"collection":[{"href":"https:\/\/donaladoll.com\/index.php\/wp-json\/wp\/v2\/pages"}],"about":[{"href":"https:\/\/donaladoll.com\/index.php\/wp-json\/wp\/v2\/types\/page"}],"author":[{"embeddable":true,"href":"https:\/\/donaladoll.com\/index.php\/wp-json\/wp\/v2\/users\/1"}],"replies":[{"embeddable":true,"href":"https:\/\/donaladoll.com\/index.php\/wp-json\/wp\/v2\/comments?post=501"}],"version-history":[{"count":46,"href":"https:\/\/donaladoll.com\/index.php\/wp-json\/wp\/v2\/pages\/501\/revisions"}],"predecessor-version":[{"id":3199,"href":"https:\/\/donaladoll.com\/index.php\/wp-json\/wp\/v2\/pages\/501\/revisions\/3199"}],"wp:attachment":[{"href":"https:\/\/donaladoll.com\/index.php\/wp-json\/wp\/v2\/media?parent=501"}],"curies":[{"name":"wp","href":"https:\/\/api.w.org\/{rel}","templated":true}]}}