{"id":88,"date":"2016-12-28T18:10:43","date_gmt":"2016-12-28T17:10:43","guid":{"rendered":"http:\/\/donaladoll.com\/?page_id=88"},"modified":"2025-11-22T15:07:53","modified_gmt":"2025-11-22T14:07:53","slug":"videos","status":"publish","type":"page","link":"https:\/\/donaladoll.com\/index.php\/videos\/","title":{"rendered":"Vid\u00e9os"},"content":{"rendered":"<p style=\"text-align: left;\"><strong><span style=\"text-decoration: underline;\">COURTS M\u00c9TRAGES<\/span><\/strong><\/p>\n<p>&nbsp;<\/p>\n<p style=\"text-align: left;\">Collection de courts-m\u00e9trages<strong>\u00a0&#8220;BALTHASAR&#8221;<\/strong> sur la cha\u00eene <strong>YouTube <a href=\"https:\/\/www.youtube.com\/channel\/UCtJJ_f1z2knGDaTxgLzEYEQ\">Wanga Gut<\/a><\/strong><\/p>\n<p><strong>Les animaux, Les plantes, L&#8217;argent, La soci\u00e9t\u00e9, Les guerres<\/strong><\/p>\n<p>conception &amp; r\u00e9alisation Sica Zaoui &#8211; Production L\u2019Association des Amis d\u2019Henri Roorda &#8211; 2025<\/p>\n<p>&nbsp;<\/p>\n<p>&#8220;<strong><a href=\"https:\/\/www.youtube.com\/watch?v=epTxiQZphIE\">Mon \u00e9nergie<\/a><\/strong>&#8221; r\u00e9alisation Sica Zaoui<\/p>\n<p>cf la page <a href=\"https:\/\/donaladoll.com\/index.php\/film-mon-energie\/\">https:\/\/donaladoll.com\/index.php\/film-mon-energie\/<\/a><\/p>\n<p>&nbsp;<\/p>\n<p style=\"text-align: left;\">Collection de courts-m\u00e9trages<strong>&#8220;Silence ! Music ! Action !&#8221;<\/strong> &#8211; r\u00e9alisation Sica Zahoui \u00a9 Wanga Gut Productions &#8211; 2021-2024<\/p>\n<p style=\"text-align: left;\">sur <strong>Instagram @wanga_gut_prod<\/strong> et sur la cha\u00eene <strong>YouTube <a href=\"https:\/\/www.youtube.com\/channel\/UCtJJ_f1z2knGDaTxgLzEYEQ\">Wanga Gut<\/a>\u00a0:\u00a0<\/strong><\/p>\n<p style=\"text-align: left;\"><strong>The Deadbeat Clown, The Hungry Clow, The Green Fairy,\u00a0<\/strong><strong>Betty works from home,\u00a0<\/strong><strong>Valentine&#8217;s dead<\/strong><\/p>\n<p>&nbsp;<\/p>\n<p style=\"text-align: left;\">Court\u00a0m\u00e9trage <strong>\u00ab L3VUR3<\/strong> \u00bb r\u00e9alisation Sica Zahoui \u00a9 Wanga Gut Production &#8211; 2020<\/p>\n<p><iframe loading=\"lazy\" title=\"L3VUR3\" width=\"640\" height=\"360\" src=\"https:\/\/www.youtube.com\/embed\/tyHuZrfcI9M?feature=oembed\" frameborder=\"0\" allow=\"accelerometer; autoplay; clipboard-write; encrypted-media; gyroscope; picture-in-picture; web-share\" referrerpolicy=\"strict-origin-when-cross-origin\" allowfullscreen><\/iframe><\/p>\n<p style=\"text-align: left;\">&#8212;<\/p>\n<p style=\"text-align: left;\"><strong><span style=\"text-decoration: underline;\">QUELQUES CLIPS ; apparitions &amp; petits r\u00f4les<\/span><\/strong><\/p>\n<p style=\"text-align: left;\">\u00ab <strong>Adieu<\/strong> \u00bb\u00a0<strong>Rammstein<\/strong>\u00a0\u2013 r\u00e9alisation\u00a0: Specter Berlin\u00a0\u2013\u00a02022<\/p>\n<p><iframe loading=\"lazy\" title=\"Rammstein - Adieu (Official Video)\" width=\"640\" height=\"360\" src=\"https:\/\/www.youtube.com\/embed\/skl6N3zGv-s?feature=oembed\" frameborder=\"0\" allow=\"accelerometer; autoplay; clipboard-write; encrypted-media; gyroscope; picture-in-picture; web-share\" referrerpolicy=\"strict-origin-when-cross-origin\" allowfullscreen><\/iframe><\/p>\n<p style=\"text-align: left;\">\u00ab <strong>Clap Your Hands<\/strong> \u00bb <strong>Kungs<\/strong>\u00a0\u2013 r\u00e9alisation\u00a0: Bleu D\u00e9sert\u00a0\u2013\u00a02022<\/p>\n<p><iframe loading=\"lazy\" title=\"Kungs - Clap Your Hands (Clip Officiel)\" width=\"640\" height=\"360\" src=\"https:\/\/www.youtube.com\/embed\/ZckaCTKFBXU?feature=oembed\" frameborder=\"0\" allow=\"accelerometer; autoplay; clipboard-write; encrypted-media; gyroscope; picture-in-picture; web-share\" referrerpolicy=\"strict-origin-when-cross-origin\" allowfullscreen><\/iframe><\/p>\n<p style=\"text-align: left;\"><b>\u00ab\u00a0\u00c9teins la lumi\u00e8re \u00bb Alkpote feat. Francky Vincent<\/b> \u2013 r\u00e9alisation : Daymolition \u2013 2022<\/p>\n<p><iframe loading=\"lazy\" title=\"Francky Vincent &amp; Alkpote - \u00c9teins la lumi\u00e8re\" width=\"640\" height=\"360\" src=\"https:\/\/www.youtube.com\/embed\/k4PHtK_ui0E?feature=oembed\" frameborder=\"0\" allow=\"accelerometer; autoplay; clipboard-write; encrypted-media; gyroscope; picture-in-picture; web-share\" referrerpolicy=\"strict-origin-when-cross-origin\" allowfullscreen><\/iframe><\/p>\n<p style=\"text-align: left;\">\u00ab\u00a0<strong>CPCQJVLS<\/strong>\u00a0\u00bb <strong>Svinkels<\/strong>\u00a0&#8211; r\u00e9alisation\u00a0: Rolag\u00a0&#8211;\u00a02022<\/p>\n<p><iframe loading=\"lazy\" title=\"Svinkels - CPCQJVLS\" width=\"640\" height=\"360\" src=\"https:\/\/www.youtube.com\/embed\/kiAodkcKXRU?feature=oembed\" frameborder=\"0\" allow=\"accelerometer; autoplay; clipboard-write; encrypted-media; gyroscope; picture-in-picture; web-share\" referrerpolicy=\"strict-origin-when-cross-origin\" allowfullscreen><\/iframe><\/p>\n<p style=\"text-align: left;\">\u00ab\u00a0<strong>J&#8217;irai vomir chez vous<\/strong>\u00a0\u00bb <strong>Dirty Zoo\u00a0<\/strong><b>feat. G\u00e9rard Baste<\/b>\u00a0&#8211; r\u00e9alisation\u00a0: Tease prod\u00a0&#8211;\u00a02021<\/p>\n<p><iframe loading=\"lazy\" title=\"Dirty Zoo feat. G\u00e9rard Baste - J&#039;irai vomir chez vous - JVCV\" width=\"640\" height=\"360\" src=\"https:\/\/www.youtube.com\/embed\/fdQxw7gl0x8?feature=oembed\" frameborder=\"0\" allow=\"accelerometer; autoplay; clipboard-write; encrypted-media; gyroscope; picture-in-picture; web-share\" referrerpolicy=\"strict-origin-when-cross-origin\" allowfullscreen><\/iframe><\/p>\n<p style=\"text-align: left;\">\u00ab\u00a0<strong>Rechute<\/strong>\u00a0\u00bb <strong>Svinkels<\/strong>\u00a0&#8211; r\u00e9alisation\u00a0: K Prodz &#8211;\u00a02021<\/p>\n<p><iframe loading=\"lazy\" title=\"Svinkels - Rechute\" width=\"640\" height=\"360\" src=\"https:\/\/www.youtube.com\/embed\/lqg07nqOxRw?feature=oembed\" frameborder=\"0\" allow=\"accelerometer; autoplay; clipboard-write; encrypted-media; gyroscope; picture-in-picture; web-share\" referrerpolicy=\"strict-origin-when-cross-origin\" allowfullscreen><\/iframe><\/p>\n<p style=\"text-align: left;\"><b>\u00ab Papa Belly\u00a0\u00bb de\u00a0Pink Noise \/ <a href=\"https:\/\/www.pinknoise-music.com\">www.pinknoise-music.com<\/a> <\/b>\u2013 r\u00e9alisation\u00a0: Kim Chapiron \u2013 2020<\/p>\n<p style=\"text-align: left;\"><iframe loading=\"lazy\" title=\"Pink Noise - Papa Belly\" src=\"https:\/\/player.vimeo.com\/video\/384258152?dnt=1&amp;app_id=122963\" width=\"640\" height=\"360\" frameborder=\"0\" allow=\"autoplay; fullscreen; picture-in-picture; clipboard-write; encrypted-media; web-share\" referrerpolicy=\"strict-origin-when-cross-origin\"><\/iframe><\/p>\n<p style=\"text-align: left;\">\u00ab <strong>En Scylla<\/strong>\u00a0\u00bb\u00a0<strong>Jouagie le Jouage<\/strong> &#8211; r\u00e9alisation : Sica \u00a9\u00a0Wanga Gut Production, 2019<\/p>\n<p><iframe loading=\"lazy\" title=\"CHARYBDE &amp; SCYLLA - ..EN SCYLLA\" width=\"640\" height=\"360\" src=\"https:\/\/www.youtube.com\/embed\/pf5EoeUvbbs?feature=oembed\" frameborder=\"0\" allow=\"accelerometer; autoplay; clipboard-write; encrypted-media; gyroscope; picture-in-picture; web-share\" referrerpolicy=\"strict-origin-when-cross-origin\" allowfullscreen><\/iframe><\/p>\n<p style=\"text-align: left;\">\u00ab <b>Traparnak<\/b>\u00a0\u00bb <strong>La Pri\u00e8re du Poulet<\/strong>\u00a0&#8211; r\u00e9alisation : Carlos, Framboise &#8211;\u00a02019<\/p>\n<p><iframe loading=\"lazy\" title=\"La Pri\u00e8re du Poulet - Traparnak\" width=\"640\" height=\"360\" src=\"https:\/\/www.youtube.com\/embed\/xu894ITkGfA?feature=oembed\" frameborder=\"0\" allow=\"accelerometer; autoplay; clipboard-write; encrypted-media; gyroscope; picture-in-picture; web-share\" referrerpolicy=\"strict-origin-when-cross-origin\" allowfullscreen><\/iframe><\/p>\n<p style=\"text-align: left;\">\u00ab <strong>Hellfest\u00a0<\/strong>\u00bb <strong>G\u00e9rard Baste feat.\u00a0Biffty<\/strong>\u00a0&#8211; r\u00e9alisation : Julius\u00a0\/ Patapouf Gang Films &#8211;\u00a02017<\/p>\n<p><iframe loading=\"lazy\" width=\"640\" height=\"360\" src=\"https:\/\/www.youtube.com\/embed\/WYVVw7y7y3Q?feature=oembed\" frameborder=\"0\" allow=\"autoplay; encrypted-media\" allowfullscreen><\/iframe><\/p>\n","protected":false},"excerpt":{"rendered":"<p>COURTS M\u00c9TRAGES &nbsp; Collection de courts-m\u00e9trages\u00a0&#8220;BALTHASAR&#8221; sur la cha\u00eene YouTube Wanga Gut Les animaux, Les plantes, L&#8217;argent, La soci\u00e9t\u00e9, Les guerres conception &amp; r\u00e9alisation Sica Zaoui &#8211; Production L\u2019Association des [&hellip;]<\/p>\n","protected":false},"author":1,"featured_media":0,"parent":0,"menu_order":0,"comment_status":"closed","ping_status":"closed","template":"","meta":{"footnotes":""},"_links":{"self":[{"href":"https:\/\/donaladoll.com\/index.php\/wp-json\/wp\/v2\/pages\/88"}],"collection":[{"href":"https:\/\/donaladoll.com\/index.php\/wp-json\/wp\/v2\/pages"}],"about":[{"href":"https:\/\/donaladoll.com\/index.php\/wp-json\/wp\/v2\/types\/page"}],"author":[{"embeddable":true,"href":"https:\/\/donaladoll.com\/index.php\/wp-json\/wp\/v2\/users\/1"}],"replies":[{"embeddable":true,"href":"https:\/\/donaladoll.com\/index.php\/wp-json\/wp\/v2\/comments?post=88"}],"version-history":[{"count":69,"href":"https:\/\/donaladoll.com\/index.php\/wp-json\/wp\/v2\/pages\/88\/revisions"}],"predecessor-version":[{"id":3254,"href":"https:\/\/donaladoll.com\/index.php\/wp-json\/wp\/v2\/pages\/88\/revisions\/3254"}],"wp:attachment":[{"href":"https:\/\/donaladoll.com\/index.php\/wp-json\/wp\/v2\/media?parent=88"}],"curies":[{"name":"wp","href":"https:\/\/api.w.org\/{rel}","templated":true}]}}