{"id":899,"date":"2018-03-13T23:40:46","date_gmt":"2018-03-13T22:40:46","guid":{"rendered":"http:\/\/donaladoll.com\/?page_id=899"},"modified":"2024-08-16T10:56:55","modified_gmt":"2024-08-16T08:56:55","slug":"lady-viagra","status":"publish","type":"page","link":"https:\/\/donaladoll.com\/index.php\/lady-viagra\/","title":{"rendered":"Lady Viagra"},"content":{"rendered":"<p style=\"text-align: center;\"><strong>Num\u00e9ro d&#8217;effeuillage burlesque<\/strong><\/p>\n<p style=\"text-align: center;\">***<\/p>\n<p style=\"text-align: center;\">Dona la Doll est Lady Viagra ! Effeuilleuse tout droit sortie d&#8217;une bo\u00eete g\u00e9ante de Viagra, produisant l\u2019effet magique de la petite pilule bleue, tout naturellement.<\/p>\n<p><img loading=\"lazy\" decoding=\"async\" class=\"wp-image-900 aligncenter\" src=\"http:\/\/donaladoll.com\/wp-content\/uploads\/2018\/03\/28958773_1961942454124499_8772521322564550656_o-200x300.jpg\" alt=\"\" width=\"400\" height=\"600\" srcset=\"https:\/\/donaladoll.com\/wp-content\/uploads\/2018\/03\/28958773_1961942454124499_8772521322564550656_o-200x300.jpg 200w, https:\/\/donaladoll.com\/wp-content\/uploads\/2018\/03\/28958773_1961942454124499_8772521322564550656_o.jpg 700w\" sizes=\"(max-width: 400px) 100vw, 400px\" \/><\/p>\n<p style=\"text-align: center;\">\u00a9 <a href=\"https:\/\/www.instagram.com\/ericdelagephoto\/\">@ericdelagephoto<\/a>\u00a0&#8211; <a href=\"https:\/\/www.instagram.com\/wunderkabarett\/\">@wunderkabarett<\/a><\/p>\n<p style=\"text-align: center;\"><span style=\"text-decoration: underline;\"><strong>Repr\u00e9sentation<\/strong><\/span><\/p>\n<p style=\"text-align: center;\">Wunder Woman (Wunder Kabarett), mars\u00a02018<\/p>\n","protected":false},"excerpt":{"rendered":"<p>Num\u00e9ro d&#8217;effeuillage burlesque *** Dona la Doll est Lady Viagra ! Effeuilleuse tout droit sortie d&#8217;une bo\u00eete g\u00e9ante de Viagra, produisant l\u2019effet magique de la petite pilule bleue, tout naturellement. [&hellip;]<\/p>\n","protected":false},"author":1,"featured_media":0,"parent":0,"menu_order":0,"comment_status":"closed","ping_status":"closed","template":"","meta":{"footnotes":""},"_links":{"self":[{"href":"https:\/\/donaladoll.com\/index.php\/wp-json\/wp\/v2\/pages\/899"}],"collection":[{"href":"https:\/\/donaladoll.com\/index.php\/wp-json\/wp\/v2\/pages"}],"about":[{"href":"https:\/\/donaladoll.com\/index.php\/wp-json\/wp\/v2\/types\/page"}],"author":[{"embeddable":true,"href":"https:\/\/donaladoll.com\/index.php\/wp-json\/wp\/v2\/users\/1"}],"replies":[{"embeddable":true,"href":"https:\/\/donaladoll.com\/index.php\/wp-json\/wp\/v2\/comments?post=899"}],"version-history":[{"count":18,"href":"https:\/\/donaladoll.com\/index.php\/wp-json\/wp\/v2\/pages\/899\/revisions"}],"predecessor-version":[{"id":2811,"href":"https:\/\/donaladoll.com\/index.php\/wp-json\/wp\/v2\/pages\/899\/revisions\/2811"}],"wp:attachment":[{"href":"https:\/\/donaladoll.com\/index.php\/wp-json\/wp\/v2\/media?parent=899"}],"curies":[{"name":"wp","href":"https:\/\/api.w.org\/{rel}","templated":true}]}}