{"id":994,"date":"2018-09-10T20:43:20","date_gmt":"2018-09-10T18:43:20","guid":{"rendered":"http:\/\/donaladoll.com\/?page_id=994"},"modified":"2026-04-10T14:40:19","modified_gmt":"2026-04-10T12:40:19","slug":"cv-references","status":"publish","type":"page","link":"https:\/\/donaladoll.com\/index.php\/cv-references\/","title":{"rendered":"CV \/ R\u00e9f\u00e9rences"},"content":{"rendered":"<p><b>PERFORMEUSE BURLESQUE &amp; DANSEUSE\u00a0<\/b><\/p>\n<p><b>Danses pratiqu\u00e9es : <\/b>Barre au sol classique, Dancehall, Tribal Fusion &amp; ATS\u00a0+ notions Afro Dance, Charleston, Modern Jazz<\/p>\n<p>&nbsp;<\/p>\n<p><b>PROFESSEUR D&#8217;EFFEUILLAGE BURLESQUE &amp; COACH SC\u00c9NIQUE<\/b><\/p>\n<p><b> <\/b>Cours particuliers et collectifs, Coaching et accompagnement pour la cr\u00e9ation de num\u00e9ros burlesques<span class=\"Apple-converted-space\">\u00a0<\/span><\/p>\n<p>&nbsp;<\/p>\n<p><span style=\"text-decoration: underline;\"><b>COURTS M\u00c9TRAGES &#8211; R\u00f4les<\/b><\/span><\/p>\n<ul>\n<li><b>Collection \u00ab BALTHASAR \u00bb: \u00ab <a href=\"https:\/\/www.youtube.com\/watch?v=nIkNf7wXF2s\">L&#8217;argent <\/a><\/b><b>\u00bb <\/b>&#8211; conception &amp; r\u00e9alisation : Sica Zaoui &#8211; Production L\u2019Association des Amis d\u2019Henri Roorda &#8211; 2025<\/li>\n<li><b>Collection \u00ab Silence! Music! Action! \u00bb: \u00ab <a href=\"https:\/\/www.instagram.com\/reel\/DL2uURrKJDD\/?igsh=MTh5bjQ3bm9rb284bw%3D%3D\">Reverse Death<\/a> \u00bb, <\/b><b>\u00ab\u00a0<a href=\"https:\/\/www.instagram.com\/p\/CLRLU3dK5Ue\/\">Valentine\u2019s Dead<\/a>\u00a0\u00bb, \u00ab\u00a0<a href=\"https:\/\/www.instagram.com\/p\/CLjPTMxqR06\/\">Betty works from home<\/a>\u00a0\u00bb<\/b>,<b> \u00ab <a href=\"https:\/\/www.instagram.com\/p\/CTJ_T-DgC2x\/\">The Green Fairy<\/a><\/b>\u00a0,\u00a0<b>\u00ab <a href=\"https:\/\/www.instagram.com\/p\/CaMkEl0FgFn\/\">The Hungry Clown<\/a> \u00bb<\/b>,\u00a0<b> \u00ab <a href=\"https:\/\/www.instagram.com\/p\/Cbm7iz_gbsX\/\">The Deadbeat Clown<\/a> \u00bb <\/b>&#8211;<b>\u00a0<\/b>r\u00e9alisation : Sica Zahoui \u00a9 Wanga Gut Production &#8211; 2021-2022<\/li>\n<li>\u00ab <a href=\"https:\/\/youtu.be\/tyHuZrfcI9M\"><b>L3VUR3<\/b><\/a>\u00a0\u00bb &#8211; r\u00e9alisation : Sica Zahoui \u00a9 Wanga Gut Production &#8211; 2020<\/li>\n<\/ul>\n<p>&nbsp;<\/p>\n<p><span style=\"text-decoration: underline;\"><b>CLIPS &#8211; Petits r\u00f4les \/ Figuration<\/b><\/span><\/p>\n<ul>\n<li>\u00ab <a href=\"https:\/\/youtu.be\/skl6N3zGv-s\"><strong>Adieu<\/strong><\/a>\u00a0\u00bb &#8211;\u00a0<strong>Rammstein<\/strong>\u00a0&#8211; r\u00e9alisation\u00a0: Specter Berlin\u00a0&#8211;\u00a02022<\/li>\n<li>\u00ab\u00a0<a href=\"https:\/\/www.youtube.com\/watch?v=ZckaCTKFBXU\"><strong>Clap Your Hands<\/strong><\/a>\u00a0\u00bb &#8211;\u00a0<strong>Kungs<\/strong>\u00a0&#8211; r\u00e9alisation\u00a0: Bleu D\u00e9sert\u00a0&#8211;\u00a02022<\/li>\n<li><b>\u00ab\u00a0<a href=\"https:\/\/www.youtube.com\/watch?v=k4PHtK_ui0E\">\u00c9teins la lumi\u00e8re<\/a> \u00bb Alkpote feat. Francky Vincent<\/b> &#8211; r\u00e9alisation : Daymolition &#8211; 2022<\/li>\n<li>\u00ab\u00a0<a href=\"https:\/\/youtu.be\/kiAodkcKXRU\"><strong>CPCQJVLS<\/strong><\/a>\u00a0\u00bb &#8211;\u00a0<strong>Svinkels<\/strong>\u00a0&#8211; r\u00e9alisation\u00a0: Rolag\u00a0&#8211;\u00a02022<\/li>\n<li>\u00ab\u00a0<a href=\"https:\/\/youtu.be\/lqg07nqOxRw\"><strong>Rechute<\/strong><\/a>\u00a0\u00bb &#8211;\u00a0<strong>Svinkels<\/strong>\u00a0&#8211; r\u00e9alisation\u00a0: K Prodz &#8211;\u00a02021<\/li>\n<li><b>\u00ab\u00a0<a href=\"https:\/\/youtu.be\/fdQxw7gl0x8\"><strong>J&#8217;irai vomir chez vous<\/strong><\/a>\u00a0\u00bb Dirty Zoo feat. G\u00e9rard Baste <\/b>Tease Prod &#8211; 2021<\/li>\n<li><b>\u00ab <a href=\"https:\/\/vimeo.com\/384258152\">Papa Belly<\/a>\u00a0\u00bb de\u00a0Pink Noise \/ <a href=\"https:\/\/www.pinknoise-music.com\">www.pinknoise-music.com<\/a> <\/b>&#8211; r\u00e9alisation\u00a0: Kim Chapiron &#8211; 2020<\/li>\n<li>\u00ab <a href=\"https:\/\/www.youtube.com\/watch?v=xT2dTjNkOig\"><strong>Shake Your Bum Bum<\/strong><\/a> \u00bb &#8211; <strong>Lazy Flow<\/strong>\u00a0&#8211; r\u00e9alisation : Pilou Guetta &#8211; 2020<\/li>\n<li><b>\u00ab\u00a0<a href=\"https:\/\/youtu.be\/ZpuHxui-qm0\"><strong>T&#8217;as pas id\u00e9e<\/strong><\/a>\u00a0\u00bb <\/b>&#8211;<b> <strong>Rose Kid\u00a0\/ PschentMusic<\/strong>\u00a0<\/b>&#8211; r\u00e9alisation\u00a0: Prescilia Vieira-Co\u00eblha &#8211;\u00a02020<\/li>\n<li><b>\u00ab\u00a0<a href=\"https:\/\/youtu.be\/3_LFXwqB1xA\">130db<\/a>\u00a0\u00bb<\/b> &#8211;<b> Mac Manu <\/b>&#8211; r\u00e9alisation\u00a0:\u00a0Asom\u00a0&#8211;\u00a02020<\/li>\n<li><b>\u00ab\u00a0<a href=\"https:\/\/youtu.be\/7Dnv6dJrhqM\">Doucement<\/a>\u00a0\u00bb <\/b>&#8211;<b>\u00a0Go Fast Gang\u00a0<\/b>&#8211; r\u00e9alisation\u00a0: Kussa Prod\u00a0&#8211; 2019<\/li>\n<li><b>\u00ab <a href=\"https:\/\/youtu.be\/xu894ITkGfA\">Traparnak<\/a>\u00a0\u00bb La Pri\u00e8re du Poulet <\/b>&#8211; r\u00e9alisation\u00a0: Carlos, Framboise &#8211; 2019<\/li>\n<li><b>\u00ab <a href=\"https:\/\/youtu.be\/pf5EoeUvbbs\">En Scylla<\/a>\u00a0\u00bb <\/b>&#8211;<b> Le Jouage <\/b>&#8211; r\u00e9alisation\u00a0: Sica\u00a0&#8211; 2019<\/li>\n<li><b>\u00ab <a href=\"https:\/\/youtu.be\/2yDhmHUHg8Q\">Marilyn dans le Bendo<\/a>\u00a0\u00bb <\/b>&#8211;<b> Mac Manu <\/b>&#8211; r\u00e9alisation\u00a0:\u00a0Benjamin Auriche &#8211; 2018<\/li>\n<li><b>\u00ab\u00a0<a href=\"https:\/\/youtu.be\/gvxdluTlQ5M\">C\u2019est insolent<\/a>\u00a0\u00bb <\/b>&#8211;<b> Le Jouage <\/b>&#8211; r\u00e9alisation\u00a0: DamSlip &#8211; 2018<\/li>\n<li><b>\u00ab\u00a0<a href=\"https:\/\/youtu.be\/dz9qE14Sx9c\">La Seringue est Ready<\/a>\u00a0\u00bb <\/b>&#8211;<b> La Pri\u00e8re du Poulet <\/b>&#8211; r\u00e9alisation\u00a0: Annunciata &#8211; 2017<\/li>\n<li><b>\u00ab <a href=\"https:\/\/youtu.be\/WYVVw7y7y3Q\">Hellfest<\/a>\u00a0\u00bb<\/b> &#8211;<b> G\u00e9rard Baste feat. Biffty <\/b>&#8211; R\u00e9alisation : Julius \/ Patapoug Gang Films &#8211; 2017<\/li>\n<li><b>\u00ab\u00a0<a href=\"https:\/\/www.youtube.com\/watch?v=wdp9Vva_Zto\">Dans le 1000<\/a>\u00a0\u00bb Nonsens feat. Busta Flex <\/b>&#8211;\u00a0r\u00e9alisation : JustOneMaker\u00a0&#8211;\u00a02016<\/li>\n<li><b>\u00ab\u00a0<a href=\"https:\/\/youtu.be\/tYI8IjKWZCI\">Pigeon<\/a>\u00a0\u00bb <\/b>&#8211;<b> James Delleck, <\/b>tourn\u00e9 en R\u00e9alit\u00e9 Virtuel &#8211; 2015<\/li>\n<li><b>\u00ab\u00a0<a href=\"https:\/\/youtu.be\/CwoglcesiiQ\">Illusion<\/a>\u00a0\u00bb <\/b>&#8211;<b> Ibrahim Maalouf <\/b>&#8211; r\u00e9alisation\u00a0: Mehdi Idir &#8211; 2013<\/li>\n<\/ul>\n<p><b>+ Vid\u00e9o \u00ab\u00a0<a href=\"https:\/\/www.youtube.com\/watch?v=pekQJTeoOy4\">Where to break up in Paris\u00a0?<\/a>\u00a0\u00bb &#8211; r\u00e9alisation\u00a0: Mathieu Stern &#8211; 2015<\/b><\/p>\n<p><b>+ Silhouette <\/b><strong>\u00e9mission \u00ab\u00a0Crac-Crac\u00a0\u00bb<\/strong> (n\u00b08 &amp; 9) \u00a0de Monsieur Poulpe, pour Canal+<\/p>\n<p style=\"text-align: center;\"><img loading=\"lazy\" decoding=\"async\" class=\"wp-image-2796 aligncenter\" src=\"http:\/\/donaladoll.com\/wp-content\/uploads\/2024\/08\/934A2576_GF-213x300.jpg\" alt=\"\" width=\"319\" height=\"450\" srcset=\"https:\/\/donaladoll.com\/wp-content\/uploads\/2024\/08\/934A2576_GF-213x300.jpg 213w, https:\/\/donaladoll.com\/wp-content\/uploads\/2024\/08\/934A2576_GF-700x987.jpg 700w, https:\/\/donaladoll.com\/wp-content\/uploads\/2024\/08\/934A2576_GF-768x1083.jpg 768w, https:\/\/donaladoll.com\/wp-content\/uploads\/2024\/08\/934A2576_GF-1089x1536.jpg 1089w, https:\/\/donaladoll.com\/wp-content\/uploads\/2024\/08\/934A2576_GF-1452x2048.jpg 1452w, https:\/\/donaladoll.com\/wp-content\/uploads\/2024\/08\/934A2576_GF-scaled.jpg 1815w\" sizes=\"(max-width: 319px) 100vw, 319px\" \/><\/p>\n<p style=\"text-align: center;\">\u00a9 <a href=\"https:\/\/www.instagram.com\/jonathan.exbrayat.photographie\/\">@jonathan.exbrayat.photographie<\/a> &#8211; <a href=\"https:\/\/www.instagram.com\/therocknsassycab\/\">@The Rock&#8217;n Sassy Cabaret<\/a><\/p>\n<p><span style=\"text-decoration: underline;\"><b>TH\u00c9\u00c2TRE<\/b><\/span><\/p>\n<ul>\n<li><b>\u00ab Antoine et Cl\u00e9op\u00e2tre \u00bb<\/b>, adaptation et mise en sc\u00e8ne de Luana Kim,\u00a0au Th\u00e9\u00e2tre du Nord Ouest &#8211; septembre \u00e0 d\u00e9cembre 2022 &#8211;\u00a0r\u00f4le de la Pr\u00eatresse, en alternance avec Marie Valentin<\/li>\n<li><b>\u00ab Cinq \u00e0 sept \u00bb <\/b>mise en sc\u00e8ne d\u2019Arthur Vernon, r\u00f4le de La Directrice, mai\/juin 2023<\/li>\n<li><b>\u00ab Sweet Paradise a un incroyable talent \u00bb <\/b>mise en sc\u00e8ne d\u2019Arthur Vernon, avril \u00e0 juin 2023<\/li>\n<\/ul>\n<p><span style=\"text-decoration: underline;\"><b>SC\u00c8NE BURLESQUE &amp; CONCERTS<\/b><\/span><\/p>\n<p><span style=\"text-decoration: underline;\"><b>R\u00e9compenses<\/b><\/span><b> <\/b><\/p>\n<p>Num\u00e9ro Burlesque \u00ab\u00a0Police&amp;Thief\u00a0\u00bb\u00a0 WunderAwards 2015 pour le num\u00e9ro le plus original\u00a0&amp; Nomination pour le meilleur num\u00e9ro New Burlesque<\/p>\n<ul>\n<li><b>Tourn\u00e9e\u00a0\u00ab Rechute Tour\u00a0\u00bb de Svinkels 2021-2022<\/b><\/li>\n<li><b>Spectacle de danses tribales et fusion \u00ab\u00a0Maison Close \u00bb\u00a0au Th\u00e9\u00e2tre Lepic\u00a0(2019) <\/b>Chor\u00e9graphies Tribal Fusion &amp; Num\u00e9ro Burlesque avec Velena Rossa<\/li>\n<li><b>Tourn\u00e9e<\/b><b>\u00a0\u00ab Le Prince de la Vigne\u00a0\u00bb <\/b><b>de G\u00e9rard Baste &#8211;\u00a02016-2018, Performance\u00a0Burlesque Num\u00e9ro &#8220;La Danse des Grappes&#8221;\u00a0<\/b>(Noumatrouff &#8211; Mulhouse, Le Carg\u00f6 &#8211; Caen, La Cartonnerie de Reims, Le moulin de Brainans, Le 106 &#8211; Rouen, Festival la JIMI &#8211; Ivry sur Seine, Convention du tatouage &#8211; Nantes, La Car\u00e8ne &#8211; Brest, l\u2019Empreinte &#8211; Savigny le Temple, Festivals Top To Bottom \u00e0 Paris, Recycling Party &#8211; Limoges, Tonnay Bon ! &#8211; Tonnay, Watts \u00e0 Bar &#8211; Bar-le-Duc, l\u2019Astrolabe &#8211; Orl\u00e9ans, l\u2019Elys\u00e9e Montmartre, Petites Gouttes , Festival Sur les pointes\u00a0&#8211;\u00a0Vitry,<b> <\/b>Briouze, Charleville-M\u00e9zi\u00e8res, New Morning &#8211; Soir\u00e9e New School)<\/li>\n<\/ul>\n<p>+ <b>Concert de G\u00e9rard Baste au Hellfest 2017<\/b>, Metal Corner<\/p>\n<p>+ <b>Concert des Svinkels \/ Soir\u00e9e 8.6 <\/b>(8 juin 2017, 2018, 2019, 2021, 2022)<\/p>\n<ul>\n<li><strong>Performances &amp; Gogo Dancing : Les Loges (Club)<b>\u00a0<\/b><\/strong>Metz (depuis 2022), <strong><b>La Nouvelle Ann\u00e9e Folle<\/b><\/strong>au Point Eph\u00e9m\u00e8re\u00a0(2019), <strong>Le\u00a0Bal des Vampires (Halloween)<\/strong>\u00a0au Pachamama (2019),\u00a0<strong>AUM Party<\/strong>\u00a0au\u00a0Georges &#8211; Centre Pompidou (2019),\u00a0<b>soir\u00e9e La Javanaise f\u00eate l\u2019Armistice<\/b>\u00a0au Th\u00e9\u00e2tre Saint Germain (2015)<\/li>\n<li><strong>Performances Burlesques<\/strong> lors des concerts de <strong>Monsieur\u00a0<\/strong><strong>YG<\/strong> au Cirque \u00e9lectrique, \u00e0 la Cantada, aux Vo\u00fbtes, au Jonesy Agency, depuis 2018<\/li>\n<li><strong>Performance Burlesque<\/strong>\u00a0\u00e0 l&#8217;occasion de l&#8217;anniversaire de <strong>DJ Idem \/ Big Factory Records<\/strong>, au R\u00e9servoir (2019)<\/li>\n<\/ul>\n<p><b><span style=\"text-decoration: underline;\">NUM\u00c9ROS DU R\u00c9PERTOIRE<\/span>\u00a0<\/b><\/p>\n<p><strong>Performances Burlesques pour divers cabarets :<\/strong> Massilia Burlesque Show, Edinburgh Festival Fringe, World Burlesque Games, La Grande Insolente, Wunder Kabarett, Boardwalk Factory, The Catbaret, The Rock&#8217;n&#8217;Sassy Cabaret, La Maison Burla, Le Rocka Burlesque, La V\u00e9nus fait son show, Pin Up Night, Les folies burlesques de l&#8217;Isba, Fatale Showzilla Attractions, premi\u00e8re partie des Demoiselles du K-Barr\u00e9 au Caf\u00e9 de Paris, Lettingo Cabaret,&#8230;<\/p>\n<p><img loading=\"lazy\" decoding=\"async\" class=\"aligncenter wp-image-1656\" src=\"http:\/\/donaladoll.com\/wp-content\/uploads\/2020\/08\/DSC_2136-300x200.jpg\" alt=\"\" width=\"500\" height=\"334\" srcset=\"https:\/\/donaladoll.com\/wp-content\/uploads\/2020\/08\/DSC_2136-300x200.jpg 300w, https:\/\/donaladoll.com\/wp-content\/uploads\/2020\/08\/DSC_2136-768x513.jpg 768w, https:\/\/donaladoll.com\/wp-content\/uploads\/2020\/08\/DSC_2136-700x467.jpg 700w\" sizes=\"(max-width: 500px) 100vw, 500px\" \/><\/p>\n<p style=\"text-align: center;\">\u00a9<a href=\"https:\/\/www.facebook.com\/Guillemeaumaxime\/\"> Maxime Guillemeau<\/a><\/p>\n<p><b>BALANCE MAMAN HORS DU TRAIN \u00e0 la Java\u00a0<\/b><\/p>\n<p><b>Animations &amp; Performances &#8211; soir\u00e9es \u00ab\u00a0Coquillage&amp;Crustac\u00e9es\u00a0\u00bb <\/b>(2016), <b>\u00ab\u00a0Back to the Old School\u00a0\u00bb <\/b>(2015), <b>\u00ab\u00a0Beetle Juice\u00a0\u00bb <\/b>(2014)<\/p>\n<p><b>PETIT CABARET DES BOIS DE LA VAMP\u00a0:\u00a0<\/b><b>Chor\u00e9graphies Tribal Fusion (2014\u00a0\u00e0\u00a02016)<\/b><\/p>\n<p><b>CABARET DES FILLES DE JOIE de Juliette Dragon (2011 \u00e0 2014)<\/b><\/p>\n<ul>\n<li><b>Prestations au Mus\u00e9e des Arts Forains, 25 ans du Rex Club, Soir\u00e9e Qyp\u2019Arty \u00e0 la Rotonde<\/b><\/li>\n<\/ul>\n<ul>\n<li><b>Performances\u00a0Burlesques<\/b><b>\u00a0<\/b>\u00e0 la Bellevilloise ;\u00a0Paris Burlesque Festival #5,\u00a0Riot Grrlz Festival #4, Les Dimanches des Filles de Joie<\/li>\n<li><b>Chor\u00e9graphies <\/b>Tribal Fusion \u00e0 la Bellevilloise ;\u00a0Les Dimanches des Filles de Joie<\/li>\n<\/ul>\n<p><img loading=\"lazy\" decoding=\"async\" class=\"aligncenter wp-image-264\" src=\"http:\/\/donaladoll.com\/wp-content\/uploads\/2017\/01\/EVP_3892-700x479.jpg\" width=\"600\" height=\"411\" srcset=\"https:\/\/donaladoll.com\/wp-content\/uploads\/2017\/01\/EVP_3892-700x479.jpg 700w, https:\/\/donaladoll.com\/wp-content\/uploads\/2017\/01\/EVP_3892-300x205.jpg 300w, https:\/\/donaladoll.com\/wp-content\/uploads\/2017\/01\/EVP_3892-768x526.jpg 768w\" sizes=\"(max-width: 600px) 100vw, 600px\" \/><\/p>\n","protected":false},"excerpt":{"rendered":"<p>PERFORMEUSE BURLESQUE &amp; DANSEUSE\u00a0 Danses pratiqu\u00e9es : Barre au sol classique, Dancehall, Tribal Fusion &amp; ATS\u00a0+ notions Afro Dance, Charleston, Modern Jazz &nbsp; PROFESSEUR D&#8217;EFFEUILLAGE BURLESQUE &amp; COACH SC\u00c9NIQUE Cours [&hellip;]<\/p>\n","protected":false},"author":1,"featured_media":0,"parent":0,"menu_order":0,"comment_status":"closed","ping_status":"closed","template":"","meta":{"footnotes":""},"_links":{"self":[{"href":"https:\/\/donaladoll.com\/index.php\/wp-json\/wp\/v2\/pages\/994"}],"collection":[{"href":"https:\/\/donaladoll.com\/index.php\/wp-json\/wp\/v2\/pages"}],"about":[{"href":"https:\/\/donaladoll.com\/index.php\/wp-json\/wp\/v2\/types\/page"}],"author":[{"embeddable":true,"href":"https:\/\/donaladoll.com\/index.php\/wp-json\/wp\/v2\/users\/1"}],"replies":[{"embeddable":true,"href":"https:\/\/donaladoll.com\/index.php\/wp-json\/wp\/v2\/comments?post=994"}],"version-history":[{"count":112,"href":"https:\/\/donaladoll.com\/index.php\/wp-json\/wp\/v2\/pages\/994\/revisions"}],"predecessor-version":[{"id":3337,"href":"https:\/\/donaladoll.com\/index.php\/wp-json\/wp\/v2\/pages\/994\/revisions\/3337"}],"wp:attachment":[{"href":"https:\/\/donaladoll.com\/index.php\/wp-json\/wp\/v2\/media?parent=994"}],"curies":[{"name":"wp","href":"https:\/\/api.w.org\/{rel}","templated":true}]}}